{"id":12975,"date":"2019-07-26T06:41:26","date_gmt":"2019-07-26T06:41:26","guid":{"rendered":"https:\/\/www.open-up.ch\/openhub\/snapshots\/"},"modified":"2025-09-08T10:08:16","modified_gmt":"2025-09-08T10:08:16","slug":"snapshots","status":"publish","type":"page","link":"https:\/\/www.open-up.ch\/en\/openhub\/snapshots\/","title":{"rendered":"Snapshots"},"content":{"rendered":"\t\t<div data-elementor-type=\"wp-post\" data-elementor-id=\"12975\" class=\"elementor elementor-12975 elementor-5267\" data-elementor-post-type=\"page\">\n\t\t\t\t\t\t<section class=\"elementor-section elementor-top-section elementor-element elementor-element-6c4aa13 elementor-section-full_width elementor-section-height-min-height headimg elementor-section-height-default elementor-section-items-middle\" data-id=\"6c4aa13\" data-element_type=\"section\" data-e-type=\"section\" data-settings=\"{&quot;background_background&quot;:&quot;classic&quot;}\">\n\t\t\t\t\t\t\t<div class=\"elementor-background-overlay\"><\/div>\n\t\t\t\t\t\t\t<div class=\"elementor-container elementor-column-gap-default\">\n\t\t\t\t\t<div class=\"elementor-column elementor-col-100 elementor-top-column elementor-element elementor-element-34b50c7\" data-id=\"34b50c7\" data-element_type=\"column\" data-e-type=\"column\">\n\t\t\t<div class=\"elementor-widget-wrap elementor-element-populated\">\n\t\t\t\t\t\t<div class=\"elementor-element elementor-element-f4f6f96 elementor-widget elementor-widget-spacer\" data-id=\"f4f6f96\" data-element_type=\"widget\" data-e-type=\"widget\" data-widget_type=\"spacer.default\">\n\t\t\t\t<div class=\"elementor-widget-container\">\n\t\t\t\t\t\t\t<div class=\"elementor-spacer\">\n\t\t\t<div class=\"elementor-spacer-inner\"><\/div>\n\t\t<\/div>\n\t\t\t\t\t\t<\/div>\n\t\t\t\t<\/div>\n\t\t\t\t\t<\/div>\n\t\t<\/div>\n\t\t\t\t\t<\/div>\n\t\t<\/section>\n\t\t\t\t<section class=\"elementor-section elementor-top-section elementor-element elementor-element-2243d92 elementor-section-full_width left right headf elementor-section-height-default elementor-section-height-default\" data-id=\"2243d92\" data-element_type=\"section\" data-e-type=\"section\" data-settings=\"{&quot;background_background&quot;:&quot;classic&quot;}\">\n\t\t\t\t\t\t<div class=\"elementor-container elementor-column-gap-default\">\n\t\t\t\t\t<div class=\"elementor-column elementor-col-100 elementor-top-column elementor-element elementor-element-f4c4e83\" data-id=\"f4c4e83\" data-element_type=\"column\" data-e-type=\"column\">\n\t\t\t<div class=\"elementor-widget-wrap elementor-element-populated\">\n\t\t\t\t\t\t<div class=\"elementor-element elementor-element-dcfeca1 h1_bullet elementor-widget elementor-widget-text-editor\" data-id=\"dcfeca1\" data-element_type=\"widget\" data-e-type=\"widget\" id=\"test\" data-widget_type=\"text-editor.default\">\n\t\t\t\t<div class=\"elementor-widget-container\">\n\t\t\t\t\t\t\t\t\t<h1><a href=\"..\/openhub\/\">openHub<\/a><\/h1>\t\t\t\t\t\t\t\t<\/div>\n\t\t\t\t<\/div>\n\t\t\t\t\t<\/div>\n\t\t<\/div>\n\t\t\t\t\t<\/div>\n\t\t<\/section>\n\t\t\t\t<section class=\"elementor-section elementor-top-section elementor-element elementor-element-5df81a3 elementor-section-full_width left ophub elementor-section-height-default elementor-section-height-default\" data-id=\"5df81a3\" data-element_type=\"section\" data-e-type=\"section\" data-settings=\"{&quot;background_background&quot;:&quot;classic&quot;}\">\n\t\t\t\t\t\t<div class=\"elementor-container elementor-column-gap-default\">\n\t\t\t\t\t<div class=\"elementor-column elementor-col-33 elementor-top-column elementor-element elementor-element-842422e newsfilter \" data-id=\"842422e\" data-element_type=\"column\" data-e-type=\"column\">\n\t\t\t<div class=\"elementor-widget-wrap elementor-element-populated\">\n\t\t\t\t\t\t<div class=\"elementor-element elementor-element-fe9fb4e elementor-widget elementor-widget-text-editor\" data-id=\"fe9fb4e\" data-element_type=\"widget\" data-e-type=\"widget\" data-widget_type=\"text-editor.default\">\n\t\t\t\t<div class=\"elementor-widget-container\">\n\t\t\t\t\t\t\t\t\t<p><strong>Filter by:<\/strong><\/p>\t\t\t\t\t\t\t\t<\/div>\n\t\t\t\t<\/div>\n\t\t\t\t<div class=\"elementor-element elementor-element-24c3d6b elementor-widget elementor-widget-text-editor\" data-id=\"24c3d6b\" data-element_type=\"widget\" data-e-type=\"widget\" data-widget_type=\"text-editor.default\">\n\t\t\t\t<div class=\"elementor-widget-container\">\n\t\t\t\t\t\t\t\t\t<p><span style=\"text-decoration: underline;\"><a href=\"https:\/\/www.open-up.ch\/en\/openhub\/snapshots\/\">Snapshots<\/a><\/span><\/p>\t\t\t\t\t\t\t\t<\/div>\n\t\t\t\t<\/div>\n\t\t\t\t<div class=\"elementor-element elementor-element-4c1ca80 elementor-widget elementor-widget-text-editor\" data-id=\"4c1ca80\" data-element_type=\"widget\" data-e-type=\"widget\" data-widget_type=\"text-editor.default\">\n\t\t\t\t<div class=\"elementor-widget-container\">\n\t\t\t\t\t\t\t\t\t<p><a href=\"https:\/\/www.open-up.ch\/en\/openhub\/views\/\">Views<\/a><\/p>\t\t\t\t\t\t\t\t<\/div>\n\t\t\t\t<\/div>\n\t\t\t\t<div class=\"elementor-element elementor-element-911b873 elementor-widget elementor-widget-text-editor\" data-id=\"911b873\" data-element_type=\"widget\" data-e-type=\"widget\" data-widget_type=\"text-editor.default\">\n\t\t\t\t<div class=\"elementor-widget-container\">\n\t\t\t\t\t\t\t\t\t<p><a href=\"https:\/\/www.open-up.ch\/en\/openhub\/agency-news\/\">Agency News<\/a><\/p>\t\t\t\t\t\t\t\t<\/div>\n\t\t\t\t<\/div>\n\t\t\t\t\t<\/div>\n\t\t<\/div>\n\t\t\t\t<div class=\"elementor-column elementor-col-33 elementor-top-column elementor-element elementor-element-3661284\" data-id=\"3661284\" data-element_type=\"column\" data-e-type=\"column\">\n\t\t\t<div class=\"elementor-widget-wrap elementor-element-populated\">\n\t\t\t\t\t\t<div class=\"elementor-element elementor-element-935942e ee-grid-columns-2 ee-grid-columns-tablet-2 ee-grid-columns-mobile-1 ee-grid-align--stretch ee-grid-halign--left elementor-widget elementor-widget-posts-extra\" data-id=\"935942e\" data-element_type=\"widget\" data-e-type=\"widget\" id=\"posthub\" data-settings=\"{&quot;classic_grid_columns_spacing&quot;:{&quot;unit&quot;:&quot;px&quot;,&quot;size&quot;:20,&quot;sizes&quot;:[]},&quot;columns&quot;:&quot;2&quot;,&quot;columns_tablet&quot;:&quot;2&quot;,&quot;columns_mobile&quot;:&quot;1&quot;,&quot;classic_layout&quot;:&quot;default&quot;,&quot;classic_grid_columns_spacing_tablet&quot;:{&quot;unit&quot;:&quot;px&quot;,&quot;size&quot;:12,&quot;sizes&quot;:[]},&quot;classic_grid_columns_spacing_mobile&quot;:{&quot;unit&quot;:&quot;px&quot;,&quot;size&quot;:0,&quot;sizes&quot;:[]}}\" data-widget_type=\"posts-extra.classic\">\n\t\t\t\t<div class=\"elementor-widget-container\">\n\t\t\t\t\t<div class=\"ee-posts__nothing-found\"><\/div>\t\t\t\t<\/div>\n\t\t\t\t<\/div>\n\t\t\t\t\t<\/div>\n\t\t<\/div>\n\t\t\t\t<div class=\"elementor-column elementor-col-33 elementor-top-column elementor-element elementor-element-76d7976 elementor-hidden-tablet\" data-id=\"76d7976\" data-element_type=\"column\" data-e-type=\"column\">\n\t\t\t<div class=\"elementor-widget-wrap elementor-element-populated\">\n\t\t\t\t\t\t<div class=\"elementor-element elementor-element-84df119 elementor-hidden-desktop elementor-hidden-tablet elementor-hidden-mobile elementor-widget elementor-widget-facebook-page\" data-id=\"84df119\" data-element_type=\"widget\" data-e-type=\"widget\" data-widget_type=\"facebook-page.default\">\n\t\t\t\t<div class=\"elementor-widget-container\">\n\t\t\t\t\t<div class=\"elementor-facebook-widget fb-page\" data-href=\"https:\/\/www.facebook.com\/openupAG\/\" data-tabs=\"timeline\" data-height=\"500px\" data-width=\"500px\" data-small-header=\"false\" data-hide-cover=\"false\" data-show-facepile=\"true\" data-hide-cta=\"false\" style=\"min-height: 1px;height:500px\"><\/div>\t\t\t\t<\/div>\n\t\t\t\t<\/div>\n\t\t\t\t<div class=\"elementor-element elementor-element-f8e1e4b ee-grid-columns-1 elementor-hidden-mobile postex elementor-hidden-desktop elementor-hidden-tablet ee-grid-columns-tablet-2 ee-grid-columns-mobile-1 ee-grid-align--stretch ee-grid-halign--left elementor-widget elementor-widget-posts-extra\" data-id=\"f8e1e4b\" data-element_type=\"widget\" data-e-type=\"widget\" data-settings=\"{&quot;classic_grid_columns_spacing&quot;:{&quot;unit&quot;:&quot;px&quot;,&quot;size&quot;:20,&quot;sizes&quot;:[]},&quot;columns&quot;:&quot;1&quot;,&quot;columns_tablet&quot;:&quot;2&quot;,&quot;columns_mobile&quot;:&quot;1&quot;,&quot;classic_grid_columns_spacing_tablet&quot;:{&quot;unit&quot;:&quot;px&quot;,&quot;size&quot;:12,&quot;sizes&quot;:[]},&quot;classic_grid_columns_spacing_mobile&quot;:{&quot;unit&quot;:&quot;px&quot;,&quot;size&quot;:0,&quot;sizes&quot;:[]}}\" data-widget_type=\"posts-extra.classic\">\n\t\t\t\t<div class=\"elementor-widget-container\">\n\t\t\t\t\t<div class=\"ee-posts__nothing-found\"><\/div>\t\t\t\t<\/div>\n\t\t\t\t<\/div>\n\t\t\t\t<div class=\"elementor-element elementor-element-941812d elementor-widget elementor-widget-html\" data-id=\"941812d\" data-element_type=\"widget\" data-e-type=\"widget\" id=\"linkedin\" data-widget_type=\"html.default\">\n\t\t\t\t<div class=\"elementor-widget-container\">\n\t\t\t\t\t<!-- Elfsight LinkedIn Feed | Untitled LinkedIn Feed -->\r\n<script src=\"https:\/\/static.elfsight.com\/platform\/platform.js\" async><\/script>\r\n<div class=\"elfsight-app-156863ff-f64f-4d38-80ea-bf1886d816ec\" data-elfsight-app-lazy><\/div>\r\n\r\n\r\n<style>\r\n    #linkedin .LoadMoreButton__Container-sc-99duct-0{\r\n        display: none !important;\r\n    }\r\n    #eapps-linkedin-feed\r\n    \r\n<\/style>\r\n\r\n<script>\r\n    document.addEventListener(\"DOMContentLoaded\", function () {\r\n  const interval = setInterval(() => {\r\n    const target = document.querySelector(\r\n      '#eapps-linkedin-feed-156863ff-f64f-4d38-80ea-bf1886d816ec > div > div > div > div[class*=\"WidgetBackground__Content\"] > a'\r\n    );\r\n    if (target) {\r\n      target.style.setProperty(\"display\", \"none\", \"important\");\r\n      clearInterval(interval);\r\n    }\r\n  }, 300);\r\n});\r\n\r\n<\/script>\t\t\t\t<\/div>\n\t\t\t\t<\/div>\n\t\t\t\t\t<\/div>\n\t\t<\/div>\n\t\t\t\t\t<\/div>\n\t\t<\/section>\n\t\t\t\t<section class=\"elementor-section elementor-top-section elementor-element elementor-element-eb41de3 elementor-section-full_width left right elementor-section-height-default elementor-section-height-default\" data-id=\"eb41de3\" data-element_type=\"section\" data-e-type=\"section\">\n\t\t\t\t\t\t<div class=\"elementor-container elementor-column-gap-default\">\n\t\t\t\t\t<div class=\"elementor-column elementor-col-100 elementor-top-column elementor-element elementor-element-3fa48cd\" data-id=\"3fa48cd\" data-element_type=\"column\" data-e-type=\"column\">\n\t\t\t<div class=\"elementor-widget-wrap elementor-element-populated\">\n\t\t\t\t\t\t<div class=\"elementor-element elementor-element-49d7f73 elementor-widget elementor-widget-ee-breadcrumbs\" data-id=\"49d7f73\" data-element_type=\"widget\" data-e-type=\"widget\" data-widget_type=\"ee-breadcrumbs.default\">\n\t\t\t\t<div class=\"elementor-widget-container\">\n\t\t\t\t\t<ul class=\"ee-breadcrumbs\" itemscope=\"\" itemtype=\"http:\/\/schema.org\/BreadcrumbList\"><\/ul>\t\t\t\t<\/div>\n\t\t\t\t<\/div>\n\t\t\t\t\t<\/div>\n\t\t<\/div>\n\t\t\t\t\t<\/div>\n\t\t<\/section>\n\t\t\t\t<section class=\"elementor-section elementor-top-section elementor-element elementor-element-060cf4b elementor-section-stretched elementor-section-full_width linkcolororange elementor-section-height-default elementor-section-height-default\" data-id=\"060cf4b\" data-element_type=\"section\" data-e-type=\"section\" data-settings=\"{&quot;stretch_section&quot;:&quot;section-stretched&quot;,&quot;background_background&quot;:&quot;classic&quot;}\">\n\t\t\t\t\t\t<div class=\"elementor-container elementor-column-gap-default\">\n\t\t\t\t\t<div class=\"elementor-column elementor-col-100 elementor-top-column elementor-element elementor-element-d024590\" data-id=\"d024590\" data-element_type=\"column\" data-e-type=\"column\">\n\t\t\t<div class=\"elementor-widget-wrap elementor-element-populated\">\n\t\t\t\t\t\t<div class=\"elementor-element elementor-element-0a62b1b elementor-widget elementor-widget-spacer\" data-id=\"0a62b1b\" data-element_type=\"widget\" data-e-type=\"widget\" data-widget_type=\"spacer.default\">\n\t\t\t\t<div class=\"elementor-widget-container\">\n\t\t\t\t\t\t\t<div class=\"elementor-spacer\">\n\t\t\t<div class=\"elementor-spacer-inner\"><\/div>\n\t\t<\/div>\n\t\t\t\t\t\t<\/div>\n\t\t\t\t<\/div>\n\t\t\t\t\t<\/div>\n\t\t<\/div>\n\t\t\t\t\t<\/div>\n\t\t<\/section>\n\t\t\t\t<\/div>\n\t\t","protected":false},"excerpt":{"rendered":"<p>openHub Filter by: Snapshots Views Agency News Einblicke \u00b7 Jahresanlass 2025: Menschen im Mittelpunkt F\u00fcr uns sind die pers\u00f6nlichen Begegnungen genauso wichtig wie starke Kommunikation. So bringen wir einmal j\u00e4hrlich die Kundinnen, Gesch\u00e4ftspartner und Freund:innen von open up zusammen. Der 12. Juni bot den perfekten Rahmen daf\u00fcr: In der Z\u00fcrcher Helvtibar haben wir gemeinsam angestossen, &#8230; <a title=\"Snapshots\" class=\"read-more\" href=\"https:\/\/www.open-up.ch\/en\/openhub\/snapshots\/\">Read more<span class=\"screen-reader-text\">Snapshots<\/span><\/a><\/p>\n","protected":false},"author":2,"featured_media":0,"parent":12254,"menu_order":0,"comment_status":"closed","ping_status":"closed","template":"elementor_header_footer","meta":{"_acf_changed":false,"inline_featured_image":false,"footnotes":""},"class_list":["post-12975","page","type-page","status-publish"],"acf":[],"yoast_head":"<!-- This site is optimized with the Yoast SEO plugin v27.4 - https:\/\/yoast.com\/product\/yoast-seo-wordpress\/ -->\n<title>Blog posts, news &amp; events | openhub | open up<\/title>\n<meta name=\"description\" content=\"Read the latest news and blog posts from open up and our social media channels. You can also find information on current events here.\" \/>\n<meta name=\"robots\" content=\"index, follow, max-snippet:-1, max-image-preview:large, max-video-preview:-1\" \/>\n<link rel=\"canonical\" href=\"https:\/\/www.open-up.ch\/openhub\/einblicke\/\" \/>\n<meta property=\"og:locale\" content=\"en_US\" \/>\n<meta property=\"og:type\" content=\"article\" \/>\n<meta property=\"og:title\" content=\"Blog posts, news &amp; events | openhub | open up\" \/>\n<meta property=\"og:description\" content=\"Read the latest news and blog posts from open up and our social media channels. You can also find information on current events here.\" \/>\n<meta property=\"og:url\" content=\"https:\/\/www.open-up.ch\/openhub\/einblicke\/\" \/>\n<meta property=\"og:site_name\" content=\"open up\" \/>\n<meta property=\"article:modified_time\" content=\"2025-09-08T10:08:16+00:00\" \/>\n<meta property=\"og:image\" content=\"https:\/\/www.open-up.ch\/wp-content\/uploads\/2025\/06\/ct53907-1024x683.jpg\" \/>\n<meta name=\"twitter:card\" content=\"summary_large_image\" \/>\n<meta name=\"twitter:label1\" content=\"Est. reading time\" \/>\n\t<meta name=\"twitter:data1\" content=\"11 minutes\" \/>\n<!-- \/ Yoast SEO plugin. -->","yoast_head_json":{"title":"Blog posts, news & events | openhub | open up","description":"Read the latest news and blog posts from open up and our social media channels. You can also find information on current events here.","robots":{"index":"index","follow":"follow","max-snippet":"max-snippet:-1","max-image-preview":"max-image-preview:large","max-video-preview":"max-video-preview:-1"},"canonical":"https:\/\/www.open-up.ch\/openhub\/einblicke\/","og_locale":"en_US","og_type":"article","og_title":"Blog posts, news & events | openhub | open up","og_description":"Read the latest news and blog posts from open up and our social media channels. You can also find information on current events here.","og_url":"https:\/\/www.open-up.ch\/openhub\/einblicke\/","og_site_name":"open up","article_modified_time":"2025-09-08T10:08:16+00:00","og_image":[{"url":"https:\/\/www.open-up.ch\/wp-content\/uploads\/2025\/06\/ct53907-1024x683.jpg","type":"","width":"","height":""}],"twitter_card":"summary_large_image","twitter_misc":{"Est. reading time":"11 minutes"},"schema":{"@context":"https:\/\/schema.org","@graph":[{"@type":"WebPage","@id":"https:\/\/www.open-up.ch\/openhub\/einblicke\/","url":"https:\/\/www.open-up.ch\/openhub\/einblicke\/","name":"Blog posts, news & events | openhub | open up","isPartOf":{"@id":"https:\/\/www.open-up.ch\/en\/#website"},"primaryImageOfPage":{"@id":"https:\/\/www.open-up.ch\/openhub\/einblicke\/#primaryimage"},"image":{"@id":"https:\/\/www.open-up.ch\/openhub\/einblicke\/#primaryimage"},"thumbnailUrl":"https:\/\/www.open-up.ch\/wp-content\/uploads\/2025\/06\/ct53907-1024x683.jpg","datePublished":"2019-07-26T06:41:26+00:00","dateModified":"2025-09-08T10:08:16+00:00","description":"Read the latest news and blog posts from open up and our social media channels. You can also find information on current events here.","breadcrumb":{"@id":"https:\/\/www.open-up.ch\/openhub\/einblicke\/#breadcrumb"},"inLanguage":"en-US","potentialAction":[{"@type":"ReadAction","target":["https:\/\/www.open-up.ch\/openhub\/einblicke\/"]}]},{"@type":"ImageObject","inLanguage":"en-US","@id":"https:\/\/www.open-up.ch\/openhub\/einblicke\/#primaryimage","url":"https:\/\/www.open-up.ch\/wp-content\/uploads\/2025\/06\/ct53907-1024x683.jpg","contentUrl":"https:\/\/www.open-up.ch\/wp-content\/uploads\/2025\/06\/ct53907-1024x683.jpg"},{"@type":"BreadcrumbList","@id":"https:\/\/www.open-up.ch\/openhub\/einblicke\/#breadcrumb","itemListElement":[{"@type":"ListItem","position":1,"name":"Home","item":"https:\/\/www.open-up.ch\/en\/"},{"@type":"ListItem","position":2,"name":"\u1397 openHub","item":"https:\/\/www.open-up.ch\/openhub\/"},{"@type":"ListItem","position":3,"name":"Snapshots"}]},{"@type":"WebSite","@id":"https:\/\/www.open-up.ch\/en\/#website","url":"https:\/\/www.open-up.ch\/en\/","name":"open up","description":"","potentialAction":[{"@type":"SearchAction","target":{"@type":"EntryPoint","urlTemplate":"https:\/\/www.open-up.ch\/en\/?s={search_term_string}"},"query-input":{"@type":"PropertyValueSpecification","valueRequired":true,"valueName":"search_term_string"}}],"inLanguage":"en-US"}]}},"_links":{"self":[{"href":"https:\/\/www.open-up.ch\/en\/wp-json\/wp\/v2\/pages\/12975","targetHints":{"allow":["GET"]}}],"collection":[{"href":"https:\/\/www.open-up.ch\/en\/wp-json\/wp\/v2\/pages"}],"about":[{"href":"https:\/\/www.open-up.ch\/en\/wp-json\/wp\/v2\/types\/page"}],"author":[{"embeddable":true,"href":"https:\/\/www.open-up.ch\/en\/wp-json\/wp\/v2\/users\/2"}],"replies":[{"embeddable":true,"href":"https:\/\/www.open-up.ch\/en\/wp-json\/wp\/v2\/comments?post=12975"}],"version-history":[{"count":10,"href":"https:\/\/www.open-up.ch\/en\/wp-json\/wp\/v2\/pages\/12975\/revisions"}],"predecessor-version":[{"id":40761,"href":"https:\/\/www.open-up.ch\/en\/wp-json\/wp\/v2\/pages\/12975\/revisions\/40761"}],"up":[{"embeddable":true,"href":"https:\/\/www.open-up.ch\/en\/wp-json\/wp\/v2\/pages\/12254"}],"wp:attachment":[{"href":"https:\/\/www.open-up.ch\/en\/wp-json\/wp\/v2\/media?parent=12975"}],"curies":[{"name":"wp","href":"https:\/\/api.w.org\/{rel}","templated":true}]}}