{"id":28064,"date":"2019-09-30T13:04:47","date_gmt":"2019-09-30T13:04:47","guid":{"rendered":"https:\/\/www.open-up.ch\/%e1%8e%97-ursula-schaerer\/"},"modified":"2024-07-07T09:55:39","modified_gmt":"2024-07-07T09:55:39","slug":"ursula-schaerer","status":"publish","type":"page","link":"https:\/\/www.open-up.ch\/fr\/equipe\/ursula-schaerer\/","title":{"rendered":"\u1397 Ursula Sch\u00e4rer"},"content":{"rendered":"\t\t<div data-elementor-type=\"wp-post\" data-elementor-id=\"28064\" class=\"elementor elementor-28064\" data-elementor-post-type=\"page\">\n\t\t\t\t\t\t<section class=\"elementor-section elementor-top-section elementor-element elementor-element-6c4aa13 elementor-section-full_width elementor-section-height-min-height headimg elementor-section-height-default elementor-section-items-middle\" data-id=\"6c4aa13\" data-element_type=\"section\" data-e-type=\"section\" data-settings=\"{&quot;background_background&quot;:&quot;classic&quot;}\">\n\t\t\t\t\t\t\t<div class=\"elementor-background-overlay\"><\/div>\n\t\t\t\t\t\t\t<div class=\"elementor-container elementor-column-gap-default\">\n\t\t\t\t\t<div class=\"elementor-column elementor-col-100 elementor-top-column elementor-element elementor-element-34b50c7\" data-id=\"34b50c7\" data-element_type=\"column\" data-e-type=\"column\">\n\t\t\t<div class=\"elementor-widget-wrap elementor-element-populated\">\n\t\t\t\t\t\t<div class=\"elementor-element elementor-element-f4f6f96 elementor-widget elementor-widget-spacer\" data-id=\"f4f6f96\" data-element_type=\"widget\" data-e-type=\"widget\" data-widget_type=\"spacer.default\">\n\t\t\t\t<div class=\"elementor-widget-container\">\n\t\t\t\t\t\t\t<div class=\"elementor-spacer\">\n\t\t\t<div class=\"elementor-spacer-inner\"><\/div>\n\t\t<\/div>\n\t\t\t\t\t\t<\/div>\n\t\t\t\t<\/div>\n\t\t\t\t\t<\/div>\n\t\t<\/div>\n\t\t\t\t\t<\/div>\n\t\t<\/section>\n\t\t\t\t<section class=\"elementor-section elementor-top-section elementor-element elementor-element-2243d92 elementor-section-full_width left right headf elementor-section-height-default elementor-section-height-default\" data-id=\"2243d92\" data-element_type=\"section\" data-e-type=\"section\" data-settings=\"{&quot;background_background&quot;:&quot;classic&quot;}\">\n\t\t\t\t\t\t<div class=\"elementor-container elementor-column-gap-default\">\n\t\t\t\t\t<div class=\"elementor-column elementor-col-100 elementor-top-column elementor-element elementor-element-f4c4e83\" data-id=\"f4c4e83\" data-element_type=\"column\" data-e-type=\"column\">\n\t\t\t<div class=\"elementor-widget-wrap elementor-element-populated\">\n\t\t\t\t\t\t<div class=\"elementor-element elementor-element-a444df0 h1_bullet elementor-widget elementor-widget-text-editor\" data-id=\"a444df0\" data-element_type=\"widget\" data-e-type=\"widget\" data-widget_type=\"text-editor.default\">\n\t\t\t\t<div class=\"elementor-widget-container\">\n\t\t\t\t\t\t\t\t\t<h2>Ursula Sch\u00e4rer<\/h2>\t\t\t\t\t\t\t\t<\/div>\n\t\t\t\t<\/div>\n\t\t\t\t\t<\/div>\n\t\t<\/div>\n\t\t\t\t\t<\/div>\n\t\t<\/section>\n\t\t\t\t<section class=\"elementor-section elementor-top-section elementor-element elementor-element-ff6ed9d elementor-section-full_width chlr elementor-section-height-default elementor-section-height-default\" data-id=\"ff6ed9d\" data-element_type=\"section\" data-e-type=\"section\" data-settings=\"{&quot;background_background&quot;:&quot;classic&quot;}\">\n\t\t\t\t\t\t<div class=\"elementor-container elementor-column-gap-default\">\n\t\t\t\t\t<div class=\"elementor-column elementor-col-33 elementor-top-column elementor-element elementor-element-b8f2122\" data-id=\"b8f2122\" data-element_type=\"column\" data-e-type=\"column\">\n\t\t\t<div class=\"elementor-widget-wrap elementor-element-populated\">\n\t\t\t\t\t\t<div class=\"elementor-element elementor-element-ea40843 elementor-view-default elementor-widget elementor-widget-icon\" data-id=\"ea40843\" data-element_type=\"widget\" data-e-type=\"widget\" data-widget_type=\"icon.default\">\n\t\t\t\t<div class=\"elementor-widget-container\">\n\t\t\t\t\t\t\t<div class=\"elementor-icon-wrapper\">\n\t\t\t<a class=\"elementor-icon\" href=\"https:\/\/www.open-up.ch\/fr\/equipe\/philippe-welti\/\">\n\t\t\t<i aria-hidden=\"true\" class=\"fas fa-chevron-left\"><\/i>\t\t\t<\/a>\n\t\t<\/div>\n\t\t\t\t\t\t<\/div>\n\t\t\t\t<\/div>\n\t\t\t\t\t<\/div>\n\t\t<\/div>\n\t\t\t\t<div class=\"elementor-column elementor-col-33 elementor-top-column elementor-element elementor-element-1c70f3e\" data-id=\"1c70f3e\" data-element_type=\"column\" data-e-type=\"column\">\n\t\t\t<div class=\"elementor-widget-wrap\">\n\t\t\t\t\t\t\t<\/div>\n\t\t<\/div>\n\t\t\t\t<div class=\"elementor-column elementor-col-33 elementor-top-column elementor-element elementor-element-0b835f5\" data-id=\"0b835f5\" data-element_type=\"column\" data-e-type=\"column\">\n\t\t\t<div class=\"elementor-widget-wrap elementor-element-populated\">\n\t\t\t\t\t\t<div class=\"elementor-element elementor-element-3e38181 elementor-view-default elementor-widget elementor-widget-icon\" data-id=\"3e38181\" data-element_type=\"widget\" data-e-type=\"widget\" data-widget_type=\"icon.default\">\n\t\t\t\t<div class=\"elementor-widget-container\">\n\t\t\t\t\t\t\t<div class=\"elementor-icon-wrapper\">\n\t\t\t<a class=\"elementor-icon\" href=\"https:\/\/www.open-up.ch\/fr\/%e1%8e%97-team\/%e1%8e%97-andrea-schlenker\/\">\n\t\t\t<i aria-hidden=\"true\" class=\"fas fa-chevron-right\"><\/i>\t\t\t<\/a>\n\t\t<\/div>\n\t\t\t\t\t\t<\/div>\n\t\t\t\t<\/div>\n\t\t\t\t\t<\/div>\n\t\t<\/div>\n\t\t\t\t\t<\/div>\n\t\t<\/section>\n\t\t\t\t<section class=\"elementor-section elementor-top-section elementor-element elementor-element-04bbf5a elementor-section-full_width left right elementor-section-height-default elementor-section-height-default\" data-id=\"04bbf5a\" data-element_type=\"section\" data-e-type=\"section\" data-settings=\"{&quot;background_background&quot;:&quot;classic&quot;}\">\n\t\t\t\t\t\t<div class=\"elementor-container elementor-column-gap-default\">\n\t\t\t\t\t<div class=\"elementor-column elementor-col-100 elementor-top-column elementor-element elementor-element-554bb67\" data-id=\"554bb67\" data-element_type=\"column\" data-e-type=\"column\">\n\t\t\t<div class=\"elementor-widget-wrap elementor-element-populated\">\n\t\t\t\t\t\t<div class=\"elementor-element elementor-element-b79333c elementor-widget elementor-widget-text-editor\" data-id=\"b79333c\" data-element_type=\"widget\" data-e-type=\"widget\" data-widget_type=\"text-editor.default\">\n\t\t\t\t<div class=\"elementor-widget-container\">\n\t\t\t\t\t\t\t\t\t<h2><strong>Lieu pr\u00e9f\u00e9r\u00e9<\/strong><\/h2>\t\t\t\t\t\t\t\t<\/div>\n\t\t\t\t<\/div>\n\t\t\t\t<div class=\"elementor-element elementor-element-7403c52 elementor-widget elementor-widget-text-editor\" data-id=\"7403c52\" data-element_type=\"widget\" data-e-type=\"widget\" data-widget_type=\"text-editor.default\">\n\t\t\t\t<div class=\"elementor-widget-container\">\n\t\t\t\t\t\t\t\t\t<p>Promenade au ralenti dans le Rieterpark, l\u00e9g\u00e8rement sur\u00e9lev\u00e9 par rapport \u00e0 Zurich. Le parc historique avec ses vieux arbres, rassemble des expositions renomm\u00e9es venues d&#8217;Asie, d&#8217;Afrique, d&#8217;Am\u00e9rique ou d&#8217;Oc\u00e9anie. Le pavillon de verre moderne, ma magnifique \u00e9meraude, qui m\u00e8ne aux salles souterraines des expositions sp\u00e9ciales, comme point d&#8217;orgue architectural et contrepoint aux illustres villas.<\/p>\t\t\t\t\t\t\t\t<\/div>\n\t\t\t\t<\/div>\n\t\t\t\t<div class=\"elementor-element elementor-element-a067e2d elementor-widget elementor-widget-image\" data-id=\"a067e2d\" data-element_type=\"widget\" data-e-type=\"widget\" data-widget_type=\"image.default\">\n\t\t\t\t<div class=\"elementor-widget-container\">\n\t\t\t\t\t\t\t\t\t\t\t\t\t\t\t<img fetchpriority=\"high\" decoding=\"async\" width=\"960\" height=\"640\" src=\"https:\/\/www.open-up.ch\/wp-content\/uploads\/2019\/09\/Ursula-Detail-1-1024x683.jpg\" class=\"attachment-large size-large wp-image-26225\" alt=\"\" srcset=\"https:\/\/www.open-up.ch\/wp-content\/uploads\/2019\/09\/Ursula-Detail-1-1024x683.jpg 1024w, https:\/\/www.open-up.ch\/wp-content\/uploads\/2019\/09\/Ursula-Detail-1-300x200.jpg 300w, https:\/\/www.open-up.ch\/wp-content\/uploads\/2019\/09\/Ursula-Detail-1-768x512.jpg 768w\" sizes=\"(max-width: 960px) 100vw, 960px\" \/>\t\t\t\t\t\t\t\t\t\t\t\t\t\t\t<\/div>\n\t\t\t\t<\/div>\n\t\t\t\t<div class=\"elementor-element elementor-element-1a6a4bb elementor-widget elementor-widget-text-editor\" data-id=\"1a6a4bb\" data-element_type=\"widget\" data-e-type=\"widget\" data-widget_type=\"text-editor.default\">\n\t\t\t\t<div class=\"elementor-widget-container\">\n\t\t\t\t\t\t\t\t\t<p>Apr\u00e8s une longue marche, le caf\u00e9 de la Villa Wesedonck invite \u00e0 la d\u00e9tente, \u00e0 la r\u00e9flexion et \u00e0 l&#8217;\u00e9change. J&#8217;appr\u00e9cie beaucoup de pouvoir m&#8217;\u00e9vader bri\u00e8vement du quotidien. Le mus\u00e9e Rietberg est un lieu de calme, le Rieterpark est plein de vie, rythm\u00e9 par les rires des petits et des grands. Autant de promesses passionnantes. Ma fascination et mon enthousiasme pour ce lieu sont immenses, sans cesse renouvel\u00e9s. L&#8217;ambiance unique me touche et me comble &#8211; ce doit donc \u00eatre mon endroit pr\u00e9f\u00e9r\u00e9. Et je me r\u00e9jouis d\u00e9j\u00e0 de ma prochaine visite. La c\u00e9l\u00e8bre collection d&#8217;art extra-europ\u00e9en est tout aussi fascinante que les expositions temporaires. Mon esprit est en voyage permanent.<\/p>\t\t\t\t\t\t\t\t<\/div>\n\t\t\t\t<\/div>\n\t\t\t\t<div class=\"elementor-element elementor-element-1d3443c elementor-widget elementor-widget-image\" data-id=\"1d3443c\" data-element_type=\"widget\" data-e-type=\"widget\" data-widget_type=\"image.default\">\n\t\t\t\t<div class=\"elementor-widget-container\">\n\t\t\t\t\t\t\t\t\t\t\t\t\t\t\t<img decoding=\"async\" width=\"960\" height=\"640\" src=\"https:\/\/www.open-up.ch\/wp-content\/uploads\/2022\/01\/ursula-detail-1024x683.jpg\" class=\"attachment-large size-large wp-image-27707\" alt=\"\" srcset=\"https:\/\/www.open-up.ch\/wp-content\/uploads\/2022\/01\/ursula-detail-1024x683.jpg 1024w, https:\/\/www.open-up.ch\/wp-content\/uploads\/2022\/01\/ursula-detail-300x200.jpg 300w, https:\/\/www.open-up.ch\/wp-content\/uploads\/2022\/01\/ursula-detail-768x512.jpg 768w, https:\/\/www.open-up.ch\/wp-content\/uploads\/2022\/01\/ursula-detail-1536x1024.jpg 1536w, https:\/\/www.open-up.ch\/wp-content\/uploads\/2022\/01\/ursula-detail.jpg 1920w\" sizes=\"(max-width: 960px) 100vw, 960px\" \/>\t\t\t\t\t\t\t\t\t\t\t\t\t\t\t<\/div>\n\t\t\t\t<\/div>\n\t\t\t\t\t<\/div>\n\t\t<\/div>\n\t\t\t\t\t<\/div>\n\t\t<\/section>\n\t\t\t\t<section class=\"elementor-section elementor-top-section elementor-element elementor-element-12bf02a elementor-section-full_width left right elementor-section-height-default elementor-section-height-default\" data-id=\"12bf02a\" data-element_type=\"section\" data-e-type=\"section\" data-settings=\"{&quot;background_background&quot;:&quot;classic&quot;}\">\n\t\t\t\t\t\t<div class=\"elementor-container elementor-column-gap-default\">\n\t\t\t\t\t<div class=\"elementor-column elementor-col-100 elementor-top-column elementor-element elementor-element-27ae524\" data-id=\"27ae524\" data-element_type=\"column\" data-e-type=\"column\">\n\t\t\t<div class=\"elementor-widget-wrap elementor-element-populated\">\n\t\t\t\t\t\t<div class=\"elementor-element elementor-element-f791068 elementor-widget elementor-widget-text-editor\" data-id=\"f791068\" data-element_type=\"widget\" data-e-type=\"widget\" data-widget_type=\"text-editor.default\">\n\t\t\t\t<div class=\"elementor-widget-container\">\n\t\t\t\t\t\t\t\t\t<h2><strong>Parcours professionnel<\/strong><\/h2>\t\t\t\t\t\t\t\t<\/div>\n\t\t\t\t<\/div>\n\t\t\t\t<div class=\"elementor-element elementor-element-79310f5 elementor-widget elementor-widget-text-editor\" data-id=\"79310f5\" data-element_type=\"widget\" data-e-type=\"widget\" data-widget_type=\"text-editor.default\">\n\t\t\t\t<div class=\"elementor-widget-container\">\n\t\t\t\t\t\t\t\t\t<p>Je soutiens la direction d\u2019open up en tant qu\u2019office manager et assistante de direction, en bin\u00f4me avec <a href=\"https:\/\/www.open-up.ch\/fr\/equipe\/%e1%8e%97-monika-kohler\/\" target=\"_blank\" rel=\"noopener\">Monika Kohler<\/a>. Dans cette fonction d\u2019interface, nous veillons au bon d\u00e9roulement de l\u2019activit\u00e9 quotidienne de l\u2019agence.<\/p>\t\t\t\t\t\t\t\t<\/div>\n\t\t\t\t<\/div>\n\t\t\t\t<div class=\"elementor-element elementor-element-4eff398 elementor-widget elementor-widget-text-editor\" data-id=\"4eff398\" data-element_type=\"widget\" data-e-type=\"widget\" data-widget_type=\"text-editor.default\">\n\t\t\t\t<div class=\"elementor-widget-container\">\n\t\t\t\t\t\t\t\t\t<p>Avant de rejoindre open up, j&#8217;ai travaill\u00e9 dans le secteur des services immobiliers, dans deux maisons d&#8217;\u00e9dition et dans diff\u00e9rentes agences de relations publiques. A ces postes, j&#8217;ai par exemple \u00e9t\u00e9 responsable de l&#8217;administration en charge de ma propre \u00e9quipe, responsable du backoffice avec des t\u00e2ches de direction, y compris la supervision des apprentis. J&#8217;ai \u00e9galement particip\u00e9 activement aux t\u00e2ches de direction en tant qu&#8217;assistante de direction du propri\u00e9taire, CEO ou CFO.<\/p>\t\t\t\t\t\t\t\t<\/div>\n\t\t\t\t<\/div>\n\t\t\t\t\t<\/div>\n\t\t<\/div>\n\t\t\t\t\t<\/div>\n\t\t<\/section>\n\t\t\t\t<section class=\"elementor-section elementor-top-section elementor-element elementor-element-0d76cf3 elementor-section-full_width left elementor-section-height-default elementor-section-height-default\" data-id=\"0d76cf3\" data-element_type=\"section\" data-e-type=\"section\" data-settings=\"{&quot;background_background&quot;:&quot;classic&quot;}\">\n\t\t\t\t\t\t<div class=\"elementor-container elementor-column-gap-default\">\n\t\t\t\t\t<div class=\"elementor-column elementor-col-50 elementor-top-column elementor-element elementor-element-7a0979f\" data-id=\"7a0979f\" data-element_type=\"column\" data-e-type=\"column\">\n\t\t\t<div class=\"elementor-widget-wrap\">\n\t\t\t\t\t\t\t<\/div>\n\t\t<\/div>\n\t\t\t\t<div class=\"elementor-column elementor-col-50 elementor-top-column elementor-element elementor-element-10cf101\" data-id=\"10cf101\" data-element_type=\"column\" data-e-type=\"column\">\n\t\t\t<div class=\"elementor-widget-wrap elementor-element-populated\">\n\t\t\t\t\t\t<div class=\"elementor-element elementor-element-8e18e2f elementor-widget elementor-widget-text-editor\" data-id=\"8e18e2f\" data-element_type=\"widget\" data-e-type=\"widget\" data-widget_type=\"text-editor.default\">\n\t\t\t\t<div class=\"elementor-widget-container\">\n\t\t\t\t\t\t\t\t\t<p style=\"text-align: right;\"><strong>#Ursula Sch\u00e4rer<br \/><\/strong><a href=\"mailto:ursula.schaerer@open-up.ch\">ursula.schaerer@open-up.ch<\/a><br \/>+41 44 295 90 70<\/p>\t\t\t\t\t\t\t\t<\/div>\n\t\t\t\t<\/div>\n\t\t\t\t<div class=\"elementor-element elementor-element-1481513 elementor-widget elementor-widget-text-editor\" data-id=\"1481513\" data-element_type=\"widget\" data-e-type=\"widget\" data-widget_type=\"text-editor.default\">\n\t\t\t\t<div class=\"elementor-widget-container\">\n\t\t\t\t\t\t\t\t\t<p style=\"text-align: right;\">#twin #augenauf #streetart #freizeit #blauebadekappe #schritte<\/p>\t\t\t\t\t\t\t\t<\/div>\n\t\t\t\t<\/div>\n\t\t\t\t<div class=\"elementor-element elementor-element-fabdb1a elementor-widget elementor-widget-image\" data-id=\"fabdb1a\" data-element_type=\"widget\" data-e-type=\"widget\" data-widget_type=\"image.default\">\n\t\t\t\t<div class=\"elementor-widget-container\">\n\t\t\t\t\t\t\t\t\t\t\t\t\t\t\t<img decoding=\"async\" width=\"960\" height=\"640\" src=\"https:\/\/www.open-up.ch\/wp-content\/uploads\/2019\/09\/Ursula-Detail-2-1024x683.jpg\" class=\"attachment-large size-large wp-image-26226\" alt=\"\" srcset=\"https:\/\/www.open-up.ch\/wp-content\/uploads\/2019\/09\/Ursula-Detail-2-1024x683.jpg 1024w, https:\/\/www.open-up.ch\/wp-content\/uploads\/2019\/09\/Ursula-Detail-2-300x200.jpg 300w, https:\/\/www.open-up.ch\/wp-content\/uploads\/2019\/09\/Ursula-Detail-2-768x512.jpg 768w\" sizes=\"(max-width: 960px) 100vw, 960px\" \/>\t\t\t\t\t\t\t\t\t\t\t\t\t\t\t<\/div>\n\t\t\t\t<\/div>\n\t\t\t\t\t<\/div>\n\t\t<\/div>\n\t\t\t\t\t<\/div>\n\t\t<\/section>\n\t\t\t\t<section class=\"elementor-section elementor-top-section elementor-element elementor-element-fbb59b5 elementor-section-full_width left right elementor-section-height-default elementor-section-height-default\" data-id=\"fbb59b5\" data-element_type=\"section\" data-e-type=\"section\">\n\t\t\t\t\t\t<div class=\"elementor-container elementor-column-gap-default\">\n\t\t\t\t\t<div class=\"elementor-column elementor-col-100 elementor-top-column elementor-element elementor-element-9a5b685\" data-id=\"9a5b685\" data-element_type=\"column\" data-e-type=\"column\">\n\t\t\t<div class=\"elementor-widget-wrap elementor-element-populated\">\n\t\t\t\t\t\t<div class=\"elementor-element elementor-element-de3c157 elementor-widget elementor-widget-ee-breadcrumbs\" data-id=\"de3c157\" data-element_type=\"widget\" data-e-type=\"widget\" data-widget_type=\"ee-breadcrumbs.default\">\n\t\t\t\t<div class=\"elementor-widget-container\">\n\t\t\t\t\t<ul class=\"ee-breadcrumbs\" itemscope=\"\" itemtype=\"http:\/\/schema.org\/BreadcrumbList\"><\/ul>\t\t\t\t<\/div>\n\t\t\t\t<\/div>\n\t\t\t\t\t<\/div>\n\t\t<\/div>\n\t\t\t\t\t<\/div>\n\t\t<\/section>\n\t\t\t\t<section class=\"elementor-section elementor-top-section elementor-element elementor-element-3e36249 elementor-section-stretched elementor-section-full_width linkcolororange elementor-section-height-default elementor-section-height-default\" data-id=\"3e36249\" data-element_type=\"section\" data-e-type=\"section\" data-settings=\"{&quot;stretch_section&quot;:&quot;section-stretched&quot;,&quot;background_background&quot;:&quot;classic&quot;}\">\n\t\t\t\t\t\t<div class=\"elementor-container elementor-column-gap-default\">\n\t\t\t\t\t<div class=\"elementor-column elementor-col-100 elementor-top-column elementor-element elementor-element-aaefa21\" data-id=\"aaefa21\" data-element_type=\"column\" data-e-type=\"column\">\n\t\t\t<div class=\"elementor-widget-wrap elementor-element-populated\">\n\t\t\t\t\t\t<div class=\"elementor-element elementor-element-4befd7b elementor-widget elementor-widget-spacer\" data-id=\"4befd7b\" data-element_type=\"widget\" data-e-type=\"widget\" data-widget_type=\"spacer.default\">\n\t\t\t\t<div class=\"elementor-widget-container\">\n\t\t\t\t\t\t\t<div class=\"elementor-spacer\">\n\t\t\t<div class=\"elementor-spacer-inner\"><\/div>\n\t\t<\/div>\n\t\t\t\t\t\t<\/div>\n\t\t\t\t<\/div>\n\t\t\t\t\t<\/div>\n\t\t<\/div>\n\t\t\t\t\t<\/div>\n\t\t<\/section>\n\t\t\t\t<\/div>\n\t\t","protected":false},"excerpt":{"rendered":"<p>Ursula Sch\u00e4rer Lieu pr\u00e9f\u00e9r\u00e9 Promenade au ralenti dans le Rieterpark, l\u00e9g\u00e8rement sur\u00e9lev\u00e9 par rapport \u00e0 Zurich. Le parc historique avec ses vieux arbres, rassemble des expositions renomm\u00e9es venues d&#8217;Asie, d&#8217;Afrique, d&#8217;Am\u00e9rique ou d&#8217;Oc\u00e9anie. Le pavillon de verre moderne, ma magnifique \u00e9meraude, qui m\u00e8ne aux salles souterraines des expositions sp\u00e9ciales, comme point d&#8217;orgue architectural et contrepoint &#8230; <a title=\"\u1397 Ursula Sch\u00e4rer\" class=\"read-more\" href=\"https:\/\/www.open-up.ch\/fr\/equipe\/ursula-schaerer\/\">Lire la suite<span class=\"screen-reader-text\">\u1397 Ursula Sch\u00e4rer<\/span><\/a><\/p>\n","protected":false},"author":1,"featured_media":0,"parent":28684,"menu_order":0,"comment_status":"closed","ping_status":"closed","template":"elementor_header_footer","meta":{"_acf_changed":false,"inline_featured_image":false,"footnotes":""},"class_list":["post-28064","page","type-page","status-publish"],"acf":[],"yoast_head":"<!-- This site is optimized with the Yoast SEO plugin v27.4 - https:\/\/yoast.com\/product\/yoast-seo-wordpress\/ -->\n<title>\u1397 Ursula Sch\u00e4rer - open up<\/title>\n<meta name=\"robots\" content=\"index, follow, max-snippet:-1, max-image-preview:large, max-video-preview:-1\" \/>\n<link rel=\"canonical\" href=\"https:\/\/www.open-up.ch\/fr\/equipe\/ursula-schaerer\/\" \/>\n<meta property=\"og:locale\" content=\"fr_FR\" \/>\n<meta property=\"og:type\" content=\"article\" \/>\n<meta property=\"og:title\" content=\"\u1397 Ursula Sch\u00e4rer - open up\" \/>\n<meta property=\"og:description\" content=\"Ursula Sch\u00e4rer Lieu pr\u00e9f\u00e9r\u00e9 Promenade au ralenti dans le Rieterpark, l\u00e9g\u00e8rement sur\u00e9lev\u00e9 par rapport \u00e0 Zurich. Le parc historique avec ses vieux arbres, rassemble des expositions renomm\u00e9es venues d&#8217;Asie, d&#8217;Afrique, d&#8217;Am\u00e9rique ou d&#8217;Oc\u00e9anie. Le pavillon de verre moderne, ma magnifique \u00e9meraude, qui m\u00e8ne aux salles souterraines des expositions sp\u00e9ciales, comme point d&#8217;orgue architectural et contrepoint ... Lire la suite\u1397 Ursula Sch\u00e4rer\" \/>\n<meta property=\"og:url\" content=\"https:\/\/www.open-up.ch\/fr\/equipe\/ursula-schaerer\/\" \/>\n<meta property=\"og:site_name\" content=\"open up\" \/>\n<meta property=\"article:modified_time\" content=\"2024-07-07T09:55:39+00:00\" \/>\n<meta property=\"og:image\" content=\"https:\/\/www.open-up.ch\/wp-content\/uploads\/2019\/09\/Ursula-Detail-1-1024x683.jpg\" \/>\n<meta name=\"twitter:card\" content=\"summary_large_image\" \/>\n<meta name=\"twitter:label1\" content=\"Dur\u00e9e de lecture estim\u00e9e\" \/>\n\t<meta name=\"twitter:data1\" content=\"3 minutes\" \/>\n<!-- \/ Yoast SEO plugin. -->","yoast_head_json":{"title":"\u1397 Ursula Sch\u00e4rer - open up","robots":{"index":"index","follow":"follow","max-snippet":"max-snippet:-1","max-image-preview":"max-image-preview:large","max-video-preview":"max-video-preview:-1"},"canonical":"https:\/\/www.open-up.ch\/fr\/equipe\/ursula-schaerer\/","og_locale":"fr_FR","og_type":"article","og_title":"\u1397 Ursula Sch\u00e4rer - open up","og_description":"Ursula Sch\u00e4rer Lieu pr\u00e9f\u00e9r\u00e9 Promenade au ralenti dans le Rieterpark, l\u00e9g\u00e8rement sur\u00e9lev\u00e9 par rapport \u00e0 Zurich. Le parc historique avec ses vieux arbres, rassemble des expositions renomm\u00e9es venues d&#8217;Asie, d&#8217;Afrique, d&#8217;Am\u00e9rique ou d&#8217;Oc\u00e9anie. Le pavillon de verre moderne, ma magnifique \u00e9meraude, qui m\u00e8ne aux salles souterraines des expositions sp\u00e9ciales, comme point d&#8217;orgue architectural et contrepoint ... Lire la suite\u1397 Ursula Sch\u00e4rer","og_url":"https:\/\/www.open-up.ch\/fr\/equipe\/ursula-schaerer\/","og_site_name":"open up","article_modified_time":"2024-07-07T09:55:39+00:00","og_image":[{"url":"https:\/\/www.open-up.ch\/wp-content\/uploads\/2019\/09\/Ursula-Detail-1-1024x683.jpg","type":"","width":"","height":""}],"twitter_card":"summary_large_image","twitter_misc":{"Dur\u00e9e de lecture estim\u00e9e":"3 minutes"},"schema":{"@context":"https:\/\/schema.org","@graph":[{"@type":"WebPage","@id":"https:\/\/www.open-up.ch\/fr\/equipe\/ursula-schaerer\/","url":"https:\/\/www.open-up.ch\/fr\/equipe\/ursula-schaerer\/","name":"\u1397 Ursula Sch\u00e4rer - open up","isPartOf":{"@id":"https:\/\/www.open-up.ch\/en\/#website"},"primaryImageOfPage":{"@id":"https:\/\/www.open-up.ch\/fr\/equipe\/ursula-schaerer\/#primaryimage"},"image":{"@id":"https:\/\/www.open-up.ch\/fr\/equipe\/ursula-schaerer\/#primaryimage"},"thumbnailUrl":"https:\/\/www.open-up.ch\/wp-content\/uploads\/2019\/09\/Ursula-Detail-1-1024x683.jpg","datePublished":"2019-09-30T13:04:47+00:00","dateModified":"2024-07-07T09:55:39+00:00","breadcrumb":{"@id":"https:\/\/www.open-up.ch\/fr\/equipe\/ursula-schaerer\/#breadcrumb"},"inLanguage":"fr-FR","potentialAction":[{"@type":"ReadAction","target":["https:\/\/www.open-up.ch\/fr\/equipe\/ursula-schaerer\/"]}]},{"@type":"ImageObject","inLanguage":"fr-FR","@id":"https:\/\/www.open-up.ch\/fr\/equipe\/ursula-schaerer\/#primaryimage","url":"https:\/\/www.open-up.ch\/wp-content\/uploads\/2019\/09\/Ursula-Detail-1-1024x683.jpg","contentUrl":"https:\/\/www.open-up.ch\/wp-content\/uploads\/2019\/09\/Ursula-Detail-1-1024x683.jpg"},{"@type":"BreadcrumbList","@id":"https:\/\/www.open-up.ch\/fr\/equipe\/ursula-schaerer\/#breadcrumb","itemListElement":[{"@type":"ListItem","position":1,"name":"Home","item":"https:\/\/www.open-up.ch\/fr\/"},{"@type":"ListItem","position":2,"name":"\u1397 \u00c9quipe","item":"https:\/\/www.open-up.ch\/fr\/equipe\/"},{"@type":"ListItem","position":3,"name":"\u1397 Ursula Sch\u00e4rer"}]},{"@type":"WebSite","@id":"https:\/\/www.open-up.ch\/en\/#website","url":"https:\/\/www.open-up.ch\/en\/","name":"open up","description":"","potentialAction":[{"@type":"SearchAction","target":{"@type":"EntryPoint","urlTemplate":"https:\/\/www.open-up.ch\/en\/?s={search_term_string}"},"query-input":{"@type":"PropertyValueSpecification","valueRequired":true,"valueName":"search_term_string"}}],"inLanguage":"fr-FR"}]}},"_links":{"self":[{"href":"https:\/\/www.open-up.ch\/fr\/wp-json\/wp\/v2\/pages\/28064","targetHints":{"allow":["GET"]}}],"collection":[{"href":"https:\/\/www.open-up.ch\/fr\/wp-json\/wp\/v2\/pages"}],"about":[{"href":"https:\/\/www.open-up.ch\/fr\/wp-json\/wp\/v2\/types\/page"}],"author":[{"embeddable":true,"href":"https:\/\/www.open-up.ch\/fr\/wp-json\/wp\/v2\/users\/1"}],"replies":[{"embeddable":true,"href":"https:\/\/www.open-up.ch\/fr\/wp-json\/wp\/v2\/comments?post=28064"}],"version-history":[{"count":10,"href":"https:\/\/www.open-up.ch\/fr\/wp-json\/wp\/v2\/pages\/28064\/revisions"}],"predecessor-version":[{"id":36075,"href":"https:\/\/www.open-up.ch\/fr\/wp-json\/wp\/v2\/pages\/28064\/revisions\/36075"}],"up":[{"embeddable":true,"href":"https:\/\/www.open-up.ch\/fr\/wp-json\/wp\/v2\/pages\/28684"}],"wp:attachment":[{"href":"https:\/\/www.open-up.ch\/fr\/wp-json\/wp\/v2\/media?parent=28064"}],"curies":[{"name":"wp","href":"https:\/\/api.w.org\/{rel}","templated":true}]}}