{"id":28648,"date":"2019-07-31T13:10:33","date_gmt":"2019-07-31T13:10:33","guid":{"rendered":"https:\/\/www.open-up.ch\/impressum\/"},"modified":"2022-10-06T14:19:40","modified_gmt":"2022-10-06T14:19:40","slug":"impressum","status":"publish","type":"page","link":"https:\/\/www.open-up.ch\/fr\/impressum\/","title":{"rendered":"Impressum"},"content":{"rendered":"\t\t<div data-elementor-type=\"wp-post\" data-elementor-id=\"28648\" class=\"elementor elementor-28648 elementor-5575\" data-elementor-post-type=\"page\">\n\t\t\t\t\t\t<section class=\"elementor-section elementor-top-section elementor-element elementor-element-1f289fa elementor-section-full_width elementor-section-height-min-height headimg elementor-section-height-default elementor-section-items-middle\" data-id=\"1f289fa\" data-element_type=\"section\" data-e-type=\"section\" data-settings=\"{&quot;background_background&quot;:&quot;classic&quot;}\">\n\t\t\t\t\t\t\t<div class=\"elementor-background-overlay\"><\/div>\n\t\t\t\t\t\t\t<div class=\"elementor-container elementor-column-gap-default\">\n\t\t\t\t\t<div class=\"elementor-column elementor-col-100 elementor-top-column elementor-element elementor-element-c99659c\" data-id=\"c99659c\" data-element_type=\"column\" data-e-type=\"column\">\n\t\t\t<div class=\"elementor-widget-wrap elementor-element-populated\">\n\t\t\t\t\t\t<div class=\"elementor-element elementor-element-9ff8509 elementor-widget elementor-widget-spacer\" data-id=\"9ff8509\" data-element_type=\"widget\" data-e-type=\"widget\" data-widget_type=\"spacer.default\">\n\t\t\t\t<div class=\"elementor-widget-container\">\n\t\t\t\t\t\t\t<div class=\"elementor-spacer\">\n\t\t\t<div class=\"elementor-spacer-inner\"><\/div>\n\t\t<\/div>\n\t\t\t\t\t\t<\/div>\n\t\t\t\t<\/div>\n\t\t\t\t\t<\/div>\n\t\t<\/div>\n\t\t\t\t\t<\/div>\n\t\t<\/section>\n\t\t\t\t<section class=\"elementor-section elementor-top-section elementor-element elementor-element-ba5f61e elementor-section-full_width left right headf elementor-section-height-default elementor-section-height-default\" data-id=\"ba5f61e\" data-element_type=\"section\" data-e-type=\"section\" data-settings=\"{&quot;background_background&quot;:&quot;classic&quot;}\">\n\t\t\t\t\t\t<div class=\"elementor-container elementor-column-gap-default\">\n\t\t\t\t\t<div class=\"elementor-column elementor-col-100 elementor-top-column elementor-element elementor-element-8bb8868\" data-id=\"8bb8868\" data-element_type=\"column\" data-e-type=\"column\">\n\t\t\t<div class=\"elementor-widget-wrap elementor-element-populated\">\n\t\t\t\t\t\t<div class=\"elementor-element elementor-element-df5b7d2 h1_bullet elementor-widget elementor-widget-text-editor\" data-id=\"df5b7d2\" data-element_type=\"widget\" data-e-type=\"widget\" data-widget_type=\"text-editor.default\">\n\t\t\t\t<div class=\"elementor-widget-container\">\n\t\t\t\t\t\t\t\t\t<h1>Impressum<\/h1>\n\t\t\t\t\t\t\t\t<\/div>\n\t\t\t\t<\/div>\n\t\t\t\t\t<\/div>\n\t\t<\/div>\n\t\t\t\t\t<\/div>\n\t\t<\/section>\n\t\t\t\t<section class=\"elementor-section elementor-top-section elementor-element elementor-element-9fd45ae elementor-section-full_width left right elementor-section-height-default elementor-section-height-default\" data-id=\"9fd45ae\" data-element_type=\"section\" data-e-type=\"section\" data-settings=\"{&quot;background_background&quot;:&quot;classic&quot;}\">\n\t\t\t\t\t\t<div class=\"elementor-container elementor-column-gap-default\">\n\t\t\t\t\t<div class=\"elementor-column elementor-col-100 elementor-top-column elementor-element elementor-element-37244c9\" data-id=\"37244c9\" data-element_type=\"column\" data-e-type=\"column\">\n\t\t\t<div class=\"elementor-widget-wrap elementor-element-populated\">\n\t\t\t\t\t\t<div class=\"elementor-element elementor-element-4199926 elementor-widget elementor-widget-text-editor\" data-id=\"4199926\" data-element_type=\"widget\" data-e-type=\"widget\" data-widget_type=\"text-editor.default\">\n\t\t\t\t<div class=\"elementor-widget-container\">\n\t\t\t\t\t\t\t\t\t<p><strong>Adresse de contact<br \/>\n<\/strong>open up AG<br \/>\nMolkenstrasse 8<br \/>\n8004 Z\u00fcrich<br \/>\nSchweiz<br \/>\ninfo@open-up.ch<\/p>\n<p>open up AG<br \/>\nRue du G\u00e9n\u00e9ral-Dufour 11<br \/>\n1204 Gen\u00e8ve<br \/>\nSuisse<br \/>\ninfo@open-up.ch<\/p>\n<p><strong>Registre du commerce<br \/>\n<\/strong>Nom de la soci\u00e9t\u00e9 : open up AG<br \/>\nHandelsregister-Nr.: CHE-109.044.228<br \/>\nOffice du registre du commerce : Zurich<\/p>\n<p><strong>Clause de non-responsabilit\u00e9<br \/>\n<\/strong>L&#8217;auteur n&#8217;assume aucune responsabilit\u00e9 quant \u00e0 l&#8217;exactitude, la pr\u00e9cision, l&#8217;actualit\u00e9, la fiabilit\u00e9 et l&#8217;exhaustivit\u00e9 des informations. L&#8217;auteur ne saurait \u00eatre tenu pour responsable des dommages mat\u00e9riels ou immat\u00e9riels qui pourraient \u00eatre caus\u00e9s par l&#8217;acc\u00e8s aux informations diffus\u00e9es ou par leur utilisation ou non-utilisation, par le mauvais usage de la connexion ou par des probl\u00e8mes techniques. Toutes les offres sont sans engagement. L&#8217;auteur se r\u00e9serve express\u00e9ment le droit de modifier, de compl\u00e9ter ou de supprimer des parties de pages ou l&#8217;ensemble de l&#8217;offre sans avis pr\u00e9alable, ou d&#8217;en suspendre temporairement ou d\u00e9finitivement la publication.<\/p>\n<p><strong>Responsabilit\u00e9 relatifs aux liens<br \/>\n<\/strong>Les renvois et liens vers des sites web de tiers ne rel\u00e8vent pas de notre responsabilit\u00e9. Nous d\u00e9clinons toute responsabilit\u00e9 pour de tels sites Internet. L&#8217;acc\u00e8s aux sites web externes et leur utilisation se font aux risques et p\u00e9rils de l&#8217;utilisateur ou de l&#8217;utilisatrice.<\/p>\n<p><strong>Droits d&#8217;auteur<br \/>\n<\/strong>Les droits d&#8217;auteur et tous les autres droits relatifs aux contenus, images, photos ou autres fichiers pr\u00e9sents sur le site Internet appartiennent exclusivement \u00e0 la soci\u00e9t\u00e9 open up AG, \u00e0 ses partenaires commerciaux et distributeurs, aux fabricants ou aux titulaires de droits sp\u00e9cialement cit\u00e9s. Pour la reproduction de tout \u00e9l\u00e9ment, l&#8217;accord \u00e9crit des d\u00e9tenteurs des droits d&#8217;auteur doit \u00eatre obtenu au pr\u00e9alable. Si, malgr\u00e9 le plus grand soin, des fichiers d&#8217;images ou des contenus non autoris\u00e9s par des tiers devaient \u00eatre trouv\u00e9s sur notre site, nous vous prions de nous en informer imm\u00e9diatement.<\/p>\n<p><strong>Protection des donn\u00e9es<br \/>\n<\/strong>En vertu de l&#8217;article 13 de la Constitution f\u00e9d\u00e9rale suisse et des dispositions f\u00e9d\u00e9rales relatives \u00e0 la protection des donn\u00e9es (loi sur la protection des donn\u00e9es, LPD), toute personne a droit \u00e0 la protection de sa sph\u00e8re priv\u00e9e ainsi qu&#8217;\u00e0 la protection contre l&#8217;emploi abusif de ses donn\u00e9es personnelles. Nous respectons ces dispositions. Les donn\u00e9es personnelles sont trait\u00e9es de mani\u00e8re strictement confidentielle et ne sont ni vendues ni transmises \u00e0 des tiers. En \u00e9troite collaboration avec nos fournisseurs d&#8217;h\u00e9bergement, nous nous effor\u00e7ons de prot\u00e9ger autant que possible les bases de donn\u00e9es contre les acc\u00e8s \u00e9trangers, les pertes, les abus ou les falsifications. Lors de l&#8217;acc\u00e8s \u00e0 nos pages web, les donn\u00e9es suivantes sont enregistr\u00e9es dans des fichiers journaux : Adresse IP, date, heure, demande de navigateur et informations g\u00e9n\u00e9rales transmises sur le syst\u00e8me d&#8217;exploitation ou le navigateur. Ces donn\u00e9es d&#8217;utilisation constituent la base d&#8217;\u00e9valuations statistiques anonymes, de sorte que des tendances sont identifiables, \u00e0 l&#8217;aide desquelles nous pouvons am\u00e9liorer nos offres en cons\u00e9quence.<\/p>\n\t\t\t\t\t\t\t\t<\/div>\n\t\t\t\t<\/div>\n\t\t\t\t\t<\/div>\n\t\t<\/div>\n\t\t\t\t\t<\/div>\n\t\t<\/section>\n\t\t\t\t<section class=\"elementor-section elementor-top-section elementor-element elementor-element-f3c6490 elementor-section-full_width left right elementor-section-height-default elementor-section-height-default\" data-id=\"f3c6490\" data-element_type=\"section\" data-e-type=\"section\">\n\t\t\t\t\t\t<div class=\"elementor-container elementor-column-gap-default\">\n\t\t\t\t\t<div class=\"elementor-column elementor-col-100 elementor-top-column elementor-element elementor-element-cc55af9\" data-id=\"cc55af9\" data-element_type=\"column\" data-e-type=\"column\">\n\t\t\t<div class=\"elementor-widget-wrap elementor-element-populated\">\n\t\t\t\t\t\t<div class=\"elementor-element elementor-element-1f47ca4 elementor-widget elementor-widget-ee-breadcrumbs\" data-id=\"1f47ca4\" data-element_type=\"widget\" data-e-type=\"widget\" data-widget_type=\"ee-breadcrumbs.default\">\n\t\t\t\t<div class=\"elementor-widget-container\">\n\t\t\t\t\t<ul class=\"ee-breadcrumbs\" itemscope=\"\" itemtype=\"http:\/\/schema.org\/BreadcrumbList\"><\/ul>\t\t\t\t<\/div>\n\t\t\t\t<\/div>\n\t\t\t\t\t<\/div>\n\t\t<\/div>\n\t\t\t\t\t<\/div>\n\t\t<\/section>\n\t\t\t\t<section class=\"elementor-section elementor-top-section elementor-element elementor-element-fedc7ba elementor-section-stretched elementor-section-full_width linkcolorblue elementor-section-height-default elementor-section-height-default\" data-id=\"fedc7ba\" data-element_type=\"section\" data-e-type=\"section\" data-settings=\"{&quot;stretch_section&quot;:&quot;section-stretched&quot;,&quot;background_background&quot;:&quot;classic&quot;}\">\n\t\t\t\t\t\t<div class=\"elementor-container elementor-column-gap-default\">\n\t\t\t\t\t<div class=\"elementor-column elementor-col-100 elementor-top-column elementor-element elementor-element-5fb11fc\" data-id=\"5fb11fc\" data-element_type=\"column\" data-e-type=\"column\">\n\t\t\t<div class=\"elementor-widget-wrap elementor-element-populated\">\n\t\t\t\t\t\t<div class=\"elementor-element elementor-element-8d76645 elementor-widget elementor-widget-spacer\" data-id=\"8d76645\" data-element_type=\"widget\" data-e-type=\"widget\" data-widget_type=\"spacer.default\">\n\t\t\t\t<div class=\"elementor-widget-container\">\n\t\t\t\t\t\t\t<div class=\"elementor-spacer\">\n\t\t\t<div class=\"elementor-spacer-inner\"><\/div>\n\t\t<\/div>\n\t\t\t\t\t\t<\/div>\n\t\t\t\t<\/div>\n\t\t\t\t\t<\/div>\n\t\t<\/div>\n\t\t\t\t\t<\/div>\n\t\t<\/section>\n\t\t\t\t<\/div>\n\t\t","protected":false},"excerpt":{"rendered":"<p>Impressum Adresse de contact open up AG Molkenstrasse 8 8004 Z\u00fcrich Schweiz info@open-up.ch open up AG Rue du G\u00e9n\u00e9ral-Dufour 11 1204 Gen\u00e8ve Suisse info@open-up.ch Registre du commerce Nom de la soci\u00e9t\u00e9 : open up AG Handelsregister-Nr.: CHE-109.044.228 Office du registre du commerce : Zurich Clause de non-responsabilit\u00e9 L&#8217;auteur n&#8217;assume aucune responsabilit\u00e9 quant \u00e0 l&#8217;exactitude, la &#8230; <a title=\"Impressum\" class=\"read-more\" href=\"https:\/\/www.open-up.ch\/fr\/impressum\/\">Lire la suite<span class=\"screen-reader-text\">Impressum<\/span><\/a><\/p>\n","protected":false},"author":2,"featured_media":0,"parent":0,"menu_order":0,"comment_status":"closed","ping_status":"closed","template":"elementor_header_footer","meta":{"_acf_changed":false,"inline_featured_image":false,"footnotes":""},"class_list":["post-28648","page","type-page","status-publish"],"acf":[],"yoast_head":"<!-- This site is optimized with the Yoast SEO plugin v27.4 - https:\/\/yoast.com\/product\/yoast-seo-wordpress\/ -->\n<title>Impressum | open up<\/title>\n<meta name=\"description\" content=\"Impressum open up\" \/>\n<meta name=\"robots\" content=\"index, follow, max-snippet:-1, max-image-preview:large, max-video-preview:-1\" \/>\n<link rel=\"canonical\" href=\"https:\/\/www.open-up.ch\/impressum\/\" \/>\n<meta property=\"og:locale\" content=\"fr_FR\" \/>\n<meta property=\"og:type\" content=\"article\" \/>\n<meta property=\"og:title\" content=\"Impressum | open up\" \/>\n<meta property=\"og:description\" content=\"Impressum open up\" \/>\n<meta property=\"og:url\" content=\"https:\/\/www.open-up.ch\/impressum\/\" \/>\n<meta property=\"og:site_name\" content=\"open up\" \/>\n<meta property=\"article:modified_time\" content=\"2022-10-06T14:19:40+00:00\" \/>\n<meta name=\"twitter:card\" content=\"summary_large_image\" \/>\n<meta name=\"twitter:label1\" content=\"Dur\u00e9e de lecture estim\u00e9e\" \/>\n\t<meta name=\"twitter:data1\" content=\"2 minutes\" \/>\n<!-- \/ Yoast SEO plugin. -->","yoast_head_json":{"title":"Impressum | open up","description":"Impressum open up","robots":{"index":"index","follow":"follow","max-snippet":"max-snippet:-1","max-image-preview":"max-image-preview:large","max-video-preview":"max-video-preview:-1"},"canonical":"https:\/\/www.open-up.ch\/impressum\/","og_locale":"fr_FR","og_type":"article","og_title":"Impressum | open up","og_description":"Impressum open up","og_url":"https:\/\/www.open-up.ch\/impressum\/","og_site_name":"open up","article_modified_time":"2022-10-06T14:19:40+00:00","twitter_card":"summary_large_image","twitter_misc":{"Dur\u00e9e de lecture estim\u00e9e":"2 minutes"},"schema":{"@context":"https:\/\/schema.org","@graph":[{"@type":"WebPage","@id":"https:\/\/www.open-up.ch\/impressum\/","url":"https:\/\/www.open-up.ch\/impressum\/","name":"Impressum | open up","isPartOf":{"@id":"https:\/\/www.open-up.ch\/en\/#website"},"datePublished":"2019-07-31T13:10:33+00:00","dateModified":"2022-10-06T14:19:40+00:00","description":"Impressum open up","breadcrumb":{"@id":"https:\/\/www.open-up.ch\/impressum\/#breadcrumb"},"inLanguage":"fr-FR","potentialAction":[{"@type":"ReadAction","target":["https:\/\/www.open-up.ch\/impressum\/"]}]},{"@type":"BreadcrumbList","@id":"https:\/\/www.open-up.ch\/impressum\/#breadcrumb","itemListElement":[{"@type":"ListItem","position":1,"name":"Home","item":"https:\/\/www.open-up.ch\/fr\/"},{"@type":"ListItem","position":2,"name":"Impressum"}]},{"@type":"WebSite","@id":"https:\/\/www.open-up.ch\/en\/#website","url":"https:\/\/www.open-up.ch\/en\/","name":"open up","description":"","potentialAction":[{"@type":"SearchAction","target":{"@type":"EntryPoint","urlTemplate":"https:\/\/www.open-up.ch\/en\/?s={search_term_string}"},"query-input":{"@type":"PropertyValueSpecification","valueRequired":true,"valueName":"search_term_string"}}],"inLanguage":"fr-FR"}]}},"_links":{"self":[{"href":"https:\/\/www.open-up.ch\/fr\/wp-json\/wp\/v2\/pages\/28648","targetHints":{"allow":["GET"]}}],"collection":[{"href":"https:\/\/www.open-up.ch\/fr\/wp-json\/wp\/v2\/pages"}],"about":[{"href":"https:\/\/www.open-up.ch\/fr\/wp-json\/wp\/v2\/types\/page"}],"author":[{"embeddable":true,"href":"https:\/\/www.open-up.ch\/fr\/wp-json\/wp\/v2\/users\/2"}],"replies":[{"embeddable":true,"href":"https:\/\/www.open-up.ch\/fr\/wp-json\/wp\/v2\/comments?post=28648"}],"version-history":[{"count":6,"href":"https:\/\/www.open-up.ch\/fr\/wp-json\/wp\/v2\/pages\/28648\/revisions"}],"predecessor-version":[{"id":28693,"href":"https:\/\/www.open-up.ch\/fr\/wp-json\/wp\/v2\/pages\/28648\/revisions\/28693"}],"wp:attachment":[{"href":"https:\/\/www.open-up.ch\/fr\/wp-json\/wp\/v2\/media?parent=28648"}],"curies":[{"name":"wp","href":"https:\/\/api.w.org\/{rel}","templated":true}]}}