{"id":28650,"date":"2019-07-19T06:49:21","date_gmt":"2019-07-19T06:49:21","guid":{"rendered":"https:\/\/www.open-up.ch\/%e1%8e%97-reseau\/"},"modified":"2023-04-05T13:18:13","modified_gmt":"2023-04-05T13:18:13","slug":"reseau","status":"publish","type":"page","link":"https:\/\/www.open-up.ch\/fr\/reseau\/","title":{"rendered":"\u1397 R\u00e9seau"},"content":{"rendered":"\t\t<div data-elementor-type=\"wp-post\" data-elementor-id=\"28650\" class=\"elementor elementor-28650 elementor-4546\" data-elementor-post-type=\"page\">\n\t\t\t\t\t\t<section class=\"elementor-section elementor-top-section elementor-element elementor-element-1f289fa elementor-section-full_width elementor-section-height-min-height headimg elementor-section-height-default elementor-section-items-middle\" data-id=\"1f289fa\" data-element_type=\"section\" data-e-type=\"section\" data-settings=\"{&quot;background_background&quot;:&quot;classic&quot;}\">\n\t\t\t\t\t\t\t<div class=\"elementor-background-overlay\"><\/div>\n\t\t\t\t\t\t\t<div class=\"elementor-container elementor-column-gap-default\">\n\t\t\t\t\t<div class=\"elementor-column elementor-col-100 elementor-top-column elementor-element elementor-element-c99659c\" data-id=\"c99659c\" data-element_type=\"column\" data-e-type=\"column\">\n\t\t\t<div class=\"elementor-widget-wrap elementor-element-populated\">\n\t\t\t\t\t\t<div class=\"elementor-element elementor-element-9ff8509 elementor-widget elementor-widget-spacer\" data-id=\"9ff8509\" data-element_type=\"widget\" data-e-type=\"widget\" data-widget_type=\"spacer.default\">\n\t\t\t\t<div class=\"elementor-widget-container\">\n\t\t\t\t\t\t\t<div class=\"elementor-spacer\">\n\t\t\t<div class=\"elementor-spacer-inner\"><\/div>\n\t\t<\/div>\n\t\t\t\t\t\t<\/div>\n\t\t\t\t<\/div>\n\t\t\t\t\t<\/div>\n\t\t<\/div>\n\t\t\t\t\t<\/div>\n\t\t<\/section>\n\t\t\t\t<section class=\"elementor-section elementor-top-section elementor-element elementor-element-ba5f61e elementor-section-full_width left right headf elementor-section-height-default elementor-section-height-default\" data-id=\"ba5f61e\" data-element_type=\"section\" data-e-type=\"section\" data-settings=\"{&quot;background_background&quot;:&quot;classic&quot;}\">\n\t\t\t\t\t\t<div class=\"elementor-container elementor-column-gap-default\">\n\t\t\t\t\t<div class=\"elementor-column elementor-col-100 elementor-top-column elementor-element elementor-element-76034b1\" data-id=\"76034b1\" data-element_type=\"column\" data-e-type=\"column\">\n\t\t\t<div class=\"elementor-widget-wrap elementor-element-populated\">\n\t\t\t\t\t\t<div class=\"elementor-element elementor-element-01159d9 h1_bullet elementor-widget elementor-widget-text-editor\" data-id=\"01159d9\" data-element_type=\"widget\" data-e-type=\"widget\" data-widget_type=\"text-editor.default\">\n\t\t\t\t<div class=\"elementor-widget-container\">\n\t\t\t\t\t\t\t\t\t<h1><strong>R\u00e9seau<\/strong><\/h1>\n\t\t\t\t\t\t\t\t<\/div>\n\t\t\t\t<\/div>\n\t\t\t\t<div class=\"elementor-element elementor-element-f68bb8f elementor-widget elementor-widget-text-editor\" data-id=\"f68bb8f\" data-element_type=\"widget\" data-e-type=\"widget\" data-widget_type=\"text-editor.default\">\n\t\t\t\t<div class=\"elementor-widget-container\">\n\t\t\t\t\t\t\t\t\t<h2><strong>L\u2019Union fait la force<\/strong><\/h2>\n<p>En tant qu&#8217;experts des relations publiques, nous sommes tr\u00e8s souvent amen\u00e9s \u00e0 collaborer r\u00e9guli\u00e8rement avec d&#8217;autres sp\u00e9cialistes. Nous nous concentrons sur nos comp\u00e9tences cl\u00e9s, mais nous explorons volontiers d&#8217;autres disciplines de la communication. Pour ce faire, nous misons sur un solide r\u00e9seau de partenaires.<\/p>\n<p>Gr\u00e2ce \u00e0 notre bureau situ\u00e9 \u00e0 Gen\u00e8ve, nous offrons depuis 2021 une plateforme optimale pour la Suisse romande pour la mise en place de plans de communication adapt\u00e9s \u00e0 la r\u00e9gion l\u00e9manique. Au niveau international, nous faisons partie d&#8217;un r\u00e9seau (PR-Network) d&#8217;agences de relations publiques g\u00e9r\u00e9es \u00e9galement par leurs propri\u00e9taires.<\/p>\n<p><strong>R\u00e9seau oui, partenariat exclusif non<\/strong><\/p>\n<p>open up dispose d&#8217;un grand r\u00e9seau de partenaires constitu\u00e9 au fil des ann\u00e9es : designers, photographes, r\u00e9dacteurs, agences de publicit\u00e9, sp\u00e9cialistes du digital ou producteurs de vid\u00e9os.<\/p>\n\t\t\t\t\t\t\t\t<\/div>\n\t\t\t\t<\/div>\n\t\t\t\t<div class=\"elementor-element elementor-element-04f7853 elementor-widget elementor-widget-text-editor\" data-id=\"04f7853\" data-element_type=\"widget\" data-e-type=\"widget\" id=\"modell-generalunternehmer\" data-widget_type=\"text-editor.default\">\n\t\t\t\t<div class=\"elementor-widget-container\">\n\t\t\t\t\t\t\t\t\t<p>Les kick-backs ou les partenariats exclusifs ne sont pas \u00e0 l&#8217;ordre du jour chez nous. Nous recherchons, avec ou pour le compte du client, le meilleur partenaire qui convient au projet.<\/p>\n\t\t\t\t\t\t\t\t<\/div>\n\t\t\t\t<\/div>\n\t\t\t\t\t<\/div>\n\t\t<\/div>\n\t\t\t\t\t<\/div>\n\t\t<\/section>\n\t\t\t\t<section class=\"elementor-section elementor-top-section elementor-element elementor-element-b14cd2a elementor-section-full_width left right elementor-section-height-default elementor-section-height-default\" data-id=\"b14cd2a\" data-element_type=\"section\" data-e-type=\"section\" data-settings=\"{&quot;background_background&quot;:&quot;classic&quot;}\">\n\t\t\t\t\t\t<div class=\"elementor-container elementor-column-gap-default\">\n\t\t\t\t\t<div class=\"elementor-column elementor-col-100 elementor-top-column elementor-element elementor-element-a7d53ab\" data-id=\"a7d53ab\" data-element_type=\"column\" data-e-type=\"column\">\n\t\t\t<div class=\"elementor-widget-wrap elementor-element-populated\">\n\t\t\t\t\t\t<div class=\"elementor-element elementor-element-a6fe582 elementor-widget elementor-widget-text-editor\" data-id=\"a6fe582\" data-element_type=\"widget\" data-e-type=\"widget\" data-widget_type=\"text-editor.default\">\n\t\t\t\t<div class=\"elementor-widget-container\">\n\t\t\t\t\t\t\t\t\t<h2><strong>Toutes les cartes en main de l\u2019agence<\/strong><\/h2>\n\t\t\t\t\t\t\t\t<\/div>\n\t\t\t\t<\/div>\n\t\t\t\t<div class=\"elementor-element elementor-element-69710c8 elementor-widget elementor-widget-text-editor\" data-id=\"69710c8\" data-element_type=\"widget\" data-e-type=\"widget\" data-widget_type=\"text-editor.default\">\n\t\t\t\t<div class=\"elementor-widget-container\">\n\t\t\t\t\t\t\t\t\t<p>En collaboration avec le client et en tant qu&#8217;entrepreneur g\u00e9n\u00e9ral, nous \u00e9valuons sur la base de crit\u00e8res de s\u00e9lection d\u00e9finis au pr\u00e9alable, un nouveau partenaire disposant d&#8217;une expertise dans sa discipline et trouvons le mod\u00e8le de collaboration le plus efficace.<\/p>\n\t\t\t\t\t\t\t\t<\/div>\n\t\t\t\t<\/div>\n\t\t\t\t<section class=\"elementor-section elementor-inner-section elementor-element elementor-element-31d2f1f elementor-section-boxed elementor-section-height-default elementor-section-height-default\" data-id=\"31d2f1f\" data-element_type=\"section\" data-e-type=\"section\">\n\t\t\t\t\t\t<div class=\"elementor-container elementor-column-gap-default\">\n\t\t\t\t\t<div class=\"elementor-column elementor-col-50 elementor-inner-column elementor-element elementor-element-34bd317\" data-id=\"34bd317\" data-element_type=\"column\" data-e-type=\"column\">\n\t\t\t<div class=\"elementor-widget-wrap elementor-element-populated\">\n\t\t\t\t\t\t<div class=\"elementor-element elementor-element-f9ace93 elementor-widget elementor-widget-image\" data-id=\"f9ace93\" data-element_type=\"widget\" data-e-type=\"widget\" data-widget_type=\"image.default\">\n\t\t\t\t<div class=\"elementor-widget-container\">\n\t\t\t\t\t\t\t\t\t\t\t\t\t\t\t<img fetchpriority=\"high\" decoding=\"async\" width=\"960\" height=\"461\" src=\"https:\/\/www.open-up.ch\/wp-content\/uploads\/2019\/10\/openup_infographics_1_191016-1024x492.png\" class=\"attachment-large size-large wp-image-26952\" alt=\"\" srcset=\"https:\/\/www.open-up.ch\/wp-content\/uploads\/2019\/10\/openup_infographics_1_191016-1024x492.png 1024w, https:\/\/www.open-up.ch\/wp-content\/uploads\/2019\/10\/openup_infographics_1_191016-300x144.png 300w, https:\/\/www.open-up.ch\/wp-content\/uploads\/2019\/10\/openup_infographics_1_191016-768x369.png 768w\" sizes=\"(max-width: 960px) 100vw, 960px\" \/>\t\t\t\t\t\t\t\t\t\t\t\t\t\t\t<\/div>\n\t\t\t\t<\/div>\n\t\t\t\t\t<\/div>\n\t\t<\/div>\n\t\t\t\t<div class=\"elementor-column elementor-col-50 elementor-inner-column elementor-element elementor-element-cb91699\" data-id=\"cb91699\" data-element_type=\"column\" data-e-type=\"column\">\n\t\t\t<div class=\"elementor-widget-wrap elementor-element-populated\">\n\t\t\t\t\t\t<div class=\"elementor-element elementor-element-4d489d3 elementor-widget elementor-widget-text-editor\" data-id=\"4d489d3\" data-element_type=\"widget\" data-e-type=\"widget\" data-widget_type=\"text-editor.default\">\n\t\t\t\t<div class=\"elementor-widget-container\">\n\t\t\t\t\t\t\t\t\t<ul>\r\n \t<li>Un interlocuteur unique pour le client<\/li>\r\n \t<li>D\u2019une seule voix pour les concepts et la mise en \u0153uvre<\/li>\r\n \t<li>Un savoir-faire pluriel<\/li>\r\n \t<li>La garantie d&#8217;une communication int\u00e9gr\u00e9e<\/li>\r\n \t<li>Une gestion budg\u00e9taire structur\u00e9e<\/li>\r\n<\/ul>\t\t\t\t\t\t\t\t<\/div>\n\t\t\t\t<\/div>\n\t\t\t\t\t<\/div>\n\t\t<\/div>\n\t\t\t\t\t<\/div>\n\t\t<\/section>\n\t\t\t\t\t<\/div>\n\t\t<\/div>\n\t\t\t\t\t<\/div>\n\t\t<\/section>\n\t\t\t\t<section class=\"elementor-section elementor-top-section elementor-element elementor-element-8d617ca elementor-section-full_width left right elementor-section-height-default elementor-section-height-default\" data-id=\"8d617ca\" data-element_type=\"section\" data-e-type=\"section\" data-settings=\"{&quot;background_background&quot;:&quot;classic&quot;}\">\n\t\t\t\t\t\t<div class=\"elementor-container elementor-column-gap-default\">\n\t\t\t\t\t<div class=\"elementor-column elementor-col-100 elementor-top-column elementor-element elementor-element-81ef053\" data-id=\"81ef053\" data-element_type=\"column\" data-e-type=\"column\">\n\t\t\t<div class=\"elementor-widget-wrap elementor-element-populated\">\n\t\t\t\t\t\t<div class=\"elementor-element elementor-element-303b8c7 elementor-widget elementor-widget-text-editor\" data-id=\"303b8c7\" data-element_type=\"widget\" data-e-type=\"widget\" data-widget_type=\"text-editor.default\">\n\t\t\t\t<div class=\"elementor-widget-container\">\n\t\t\t\t\t\t\t\t\t<h2><strong>open up, un partenaire parmi d\u2019autres<\/strong><\/h2>\n<p>Si une entreprise a d\u00e9j\u00e0 \u00e9valu\u00e9 d&#8217;autres teamplayers ou s&#8217;il existe une collaboration bien rod\u00e9e et efficace depuis des ann\u00e9es, nous travaillons volontiers avec nos nouveaux partenaires.<\/p>\n\t\t\t\t\t\t\t\t<\/div>\n\t\t\t\t<\/div>\n\t\t\t\t<section class=\"elementor-section elementor-inner-section elementor-element elementor-element-3278aae elementor-section-boxed elementor-section-height-default elementor-section-height-default\" data-id=\"3278aae\" data-element_type=\"section\" data-e-type=\"section\">\n\t\t\t\t\t\t<div class=\"elementor-container elementor-column-gap-default\">\n\t\t\t\t\t<div class=\"elementor-column elementor-col-50 elementor-inner-column elementor-element elementor-element-7e11004\" data-id=\"7e11004\" data-element_type=\"column\" data-e-type=\"column\">\n\t\t\t<div class=\"elementor-widget-wrap elementor-element-populated\">\n\t\t\t\t\t\t<div class=\"elementor-element elementor-element-6a3bfe2 elementor-widget elementor-widget-image\" data-id=\"6a3bfe2\" data-element_type=\"widget\" data-e-type=\"widget\" data-widget_type=\"image.default\">\n\t\t\t\t<div class=\"elementor-widget-container\">\n\t\t\t\t\t\t\t\t\t\t\t\t\t\t\t<img decoding=\"async\" width=\"960\" height=\"461\" src=\"https:\/\/www.open-up.ch\/wp-content\/uploads\/2019\/10\/openup_infographics_2_191016-1024x492.png\" class=\"attachment-large size-large wp-image-26953\" alt=\"\" srcset=\"https:\/\/www.open-up.ch\/wp-content\/uploads\/2019\/10\/openup_infographics_2_191016-1024x492.png 1024w, https:\/\/www.open-up.ch\/wp-content\/uploads\/2019\/10\/openup_infographics_2_191016-300x144.png 300w, https:\/\/www.open-up.ch\/wp-content\/uploads\/2019\/10\/openup_infographics_2_191016-768x369.png 768w\" sizes=\"(max-width: 960px) 100vw, 960px\" \/>\t\t\t\t\t\t\t\t\t\t\t\t\t\t\t<\/div>\n\t\t\t\t<\/div>\n\t\t\t\t\t<\/div>\n\t\t<\/div>\n\t\t\t\t<div class=\"elementor-column elementor-col-50 elementor-inner-column elementor-element elementor-element-d6ab793\" data-id=\"d6ab793\" data-element_type=\"column\" data-e-type=\"column\">\n\t\t\t<div class=\"elementor-widget-wrap elementor-element-populated\">\n\t\t\t\t\t\t<div class=\"elementor-element elementor-element-5adc55d elementor-widget elementor-widget-text-editor\" data-id=\"5adc55d\" data-element_type=\"widget\" data-e-type=\"widget\" data-widget_type=\"text-editor.default\">\n\t\t\t\t<div class=\"elementor-widget-container\">\n\t\t\t\t\t\t\t\t\t<ul>\r\n \t<li>Coop\u00e9ration avec les partenaires existants du donneur d&#8217;ordre<\/li>\r\n \t<li class=\"lileft bullet\">Coop\u00e9ration avec ses propres partenaires<\/li>\r\n \t<li>Utilisation des ressources existantes<\/li>\r\n \t<li>Appui sur une longue exp\u00e9rience<\/li>\r\n \t<li>Possibilit\u00e9 de soutien ponctuel<\/li>\r\n<\/ul>\t\t\t\t\t\t\t\t<\/div>\n\t\t\t\t<\/div>\n\t\t\t\t\t<\/div>\n\t\t<\/div>\n\t\t\t\t\t<\/div>\n\t\t<\/section>\n\t\t\t\t\t<\/div>\n\t\t<\/div>\n\t\t\t\t\t<\/div>\n\t\t<\/section>\n\t\t\t\t<section class=\"elementor-section elementor-top-section elementor-element elementor-element-f3c6490 elementor-section-full_width left right elementor-section-height-default elementor-section-height-default\" data-id=\"f3c6490\" data-element_type=\"section\" data-e-type=\"section\">\n\t\t\t\t\t\t<div class=\"elementor-container elementor-column-gap-default\">\n\t\t\t\t\t<div class=\"elementor-column elementor-col-100 elementor-top-column elementor-element elementor-element-cc55af9\" data-id=\"cc55af9\" data-element_type=\"column\" data-e-type=\"column\">\n\t\t\t<div class=\"elementor-widget-wrap elementor-element-populated\">\n\t\t\t\t\t\t<div class=\"elementor-element elementor-element-1f47ca4 elementor-widget elementor-widget-ee-breadcrumbs\" data-id=\"1f47ca4\" data-element_type=\"widget\" data-e-type=\"widget\" data-widget_type=\"ee-breadcrumbs.default\">\n\t\t\t\t<div class=\"elementor-widget-container\">\n\t\t\t\t\t<ul class=\"ee-breadcrumbs\" itemscope=\"\" itemtype=\"http:\/\/schema.org\/BreadcrumbList\"><\/ul>\t\t\t\t<\/div>\n\t\t\t\t<\/div>\n\t\t\t\t\t<\/div>\n\t\t<\/div>\n\t\t\t\t\t<\/div>\n\t\t<\/section>\n\t\t\t\t<section class=\"elementor-section elementor-top-section elementor-element elementor-element-939baa8 elementor-section-stretched elementor-section-full_width linkcolorred elementor-section-height-default elementor-section-height-default\" data-id=\"939baa8\" data-element_type=\"section\" data-e-type=\"section\" data-settings=\"{&quot;stretch_section&quot;:&quot;section-stretched&quot;,&quot;background_background&quot;:&quot;classic&quot;}\">\n\t\t\t\t\t\t<div class=\"elementor-container elementor-column-gap-default\">\n\t\t\t\t\t<div class=\"elementor-column elementor-col-100 elementor-top-column elementor-element elementor-element-8743e31\" data-id=\"8743e31\" data-element_type=\"column\" data-e-type=\"column\">\n\t\t\t<div class=\"elementor-widget-wrap elementor-element-populated\">\n\t\t\t\t\t\t<div class=\"elementor-element elementor-element-86dbd12 elementor-widget elementor-widget-spacer\" data-id=\"86dbd12\" data-element_type=\"widget\" data-e-type=\"widget\" data-widget_type=\"spacer.default\">\n\t\t\t\t<div class=\"elementor-widget-container\">\n\t\t\t\t\t\t\t<div class=\"elementor-spacer\">\n\t\t\t<div class=\"elementor-spacer-inner\"><\/div>\n\t\t<\/div>\n\t\t\t\t\t\t<\/div>\n\t\t\t\t<\/div>\n\t\t\t\t\t<\/div>\n\t\t<\/div>\n\t\t\t\t\t<\/div>\n\t\t<\/section>\n\t\t\t\t<\/div>\n\t\t","protected":false},"excerpt":{"rendered":"<p>R\u00e9seau L\u2019Union fait la force En tant qu&#8217;experts des relations publiques, nous sommes tr\u00e8s souvent amen\u00e9s \u00e0 collaborer r\u00e9guli\u00e8rement avec d&#8217;autres sp\u00e9cialistes. Nous nous concentrons sur nos comp\u00e9tences cl\u00e9s, mais nous explorons volontiers d&#8217;autres disciplines de la communication. Pour ce faire, nous misons sur un solide r\u00e9seau de partenaires. Gr\u00e2ce \u00e0 notre bureau situ\u00e9 \u00e0 &#8230; <a title=\"\u1397 R\u00e9seau\" class=\"read-more\" href=\"https:\/\/www.open-up.ch\/fr\/reseau\/\">Lire la suite<span class=\"screen-reader-text\">\u1397 R\u00e9seau<\/span><\/a><\/p>\n","protected":false},"author":2,"featured_media":0,"parent":0,"menu_order":0,"comment_status":"closed","ping_status":"closed","template":"elementor_header_footer","meta":{"_acf_changed":false,"inline_featured_image":false,"footnotes":""},"class_list":["post-28650","page","type-page","status-publish"],"acf":[],"yoast_head":"<!-- This site is optimized with the Yoast SEO plugin v27.4 - https:\/\/yoast.com\/product\/yoast-seo-wordpress\/ -->\n<title>Netzwerk &amp; partenaires| open up<\/title>\n<meta name=\"description\" content=\"Le travail d&#039;\u00e9quipe est au c\u0153ur de nos pr\u00e9occupations ! C&#039;est pourquoi nous travaillons avec de nombreux partenaires s\u00e9lectionn\u00e9s au sein de notre r\u00e9seau construit au fil des ans.\" \/>\n<meta name=\"robots\" content=\"index, follow, max-snippet:-1, max-image-preview:large, max-video-preview:-1\" \/>\n<link rel=\"canonical\" href=\"https:\/\/www.open-up.ch\/fr\/reseau\/\" \/>\n<meta property=\"og:locale\" content=\"fr_FR\" \/>\n<meta property=\"og:type\" content=\"article\" \/>\n<meta property=\"og:title\" content=\"Netzwerk &amp; partenaires| open up\" \/>\n<meta property=\"og:description\" content=\"Le travail d&#039;\u00e9quipe est au c\u0153ur de nos pr\u00e9occupations ! C&#039;est pourquoi nous travaillons avec de nombreux partenaires s\u00e9lectionn\u00e9s au sein de notre r\u00e9seau construit au fil des ans.\" \/>\n<meta property=\"og:url\" content=\"https:\/\/www.open-up.ch\/fr\/reseau\/\" \/>\n<meta property=\"og:site_name\" content=\"open up\" \/>\n<meta property=\"article:modified_time\" content=\"2023-04-05T13:18:13+00:00\" \/>\n<meta property=\"og:image\" content=\"https:\/\/www.open-up.ch\/wp-content\/uploads\/2019\/10\/openup_infographics_1_191016-1024x492.png\" \/>\n<meta name=\"twitter:card\" content=\"summary_large_image\" \/>\n<meta name=\"twitter:label1\" content=\"Dur\u00e9e de lecture estim\u00e9e\" \/>\n\t<meta name=\"twitter:data1\" content=\"2 minutes\" \/>\n<!-- \/ Yoast SEO plugin. -->","yoast_head_json":{"title":"Netzwerk & partenaires| open up","description":"Le travail d'\u00e9quipe est au c\u0153ur de nos pr\u00e9occupations ! C'est pourquoi nous travaillons avec de nombreux partenaires s\u00e9lectionn\u00e9s au sein de notre r\u00e9seau construit au fil des ans.","robots":{"index":"index","follow":"follow","max-snippet":"max-snippet:-1","max-image-preview":"max-image-preview:large","max-video-preview":"max-video-preview:-1"},"canonical":"https:\/\/www.open-up.ch\/fr\/reseau\/","og_locale":"fr_FR","og_type":"article","og_title":"Netzwerk & partenaires| open up","og_description":"Le travail d'\u00e9quipe est au c\u0153ur de nos pr\u00e9occupations ! C'est pourquoi nous travaillons avec de nombreux partenaires s\u00e9lectionn\u00e9s au sein de notre r\u00e9seau construit au fil des ans.","og_url":"https:\/\/www.open-up.ch\/fr\/reseau\/","og_site_name":"open up","article_modified_time":"2023-04-05T13:18:13+00:00","og_image":[{"url":"https:\/\/www.open-up.ch\/wp-content\/uploads\/2019\/10\/openup_infographics_1_191016-1024x492.png","type":"","width":"","height":""}],"twitter_card":"summary_large_image","twitter_misc":{"Dur\u00e9e de lecture estim\u00e9e":"2 minutes"},"schema":{"@context":"https:\/\/schema.org","@graph":[{"@type":"WebPage","@id":"https:\/\/www.open-up.ch\/fr\/reseau\/","url":"https:\/\/www.open-up.ch\/fr\/reseau\/","name":"Netzwerk & partenaires| open up","isPartOf":{"@id":"https:\/\/www.open-up.ch\/en\/#website"},"primaryImageOfPage":{"@id":"https:\/\/www.open-up.ch\/fr\/reseau\/#primaryimage"},"image":{"@id":"https:\/\/www.open-up.ch\/fr\/reseau\/#primaryimage"},"thumbnailUrl":"https:\/\/www.open-up.ch\/wp-content\/uploads\/2019\/10\/openup_infographics_1_191016-1024x492.png","datePublished":"2019-07-19T06:49:21+00:00","dateModified":"2023-04-05T13:18:13+00:00","description":"Le travail d'\u00e9quipe est au c\u0153ur de nos pr\u00e9occupations ! C'est pourquoi nous travaillons avec de nombreux partenaires s\u00e9lectionn\u00e9s au sein de notre r\u00e9seau construit au fil des ans.","breadcrumb":{"@id":"https:\/\/www.open-up.ch\/fr\/reseau\/#breadcrumb"},"inLanguage":"fr-FR","potentialAction":[{"@type":"ReadAction","target":["https:\/\/www.open-up.ch\/fr\/reseau\/"]}]},{"@type":"ImageObject","inLanguage":"fr-FR","@id":"https:\/\/www.open-up.ch\/fr\/reseau\/#primaryimage","url":"https:\/\/www.open-up.ch\/wp-content\/uploads\/2019\/10\/openup_infographics_1_191016-1024x492.png","contentUrl":"https:\/\/www.open-up.ch\/wp-content\/uploads\/2019\/10\/openup_infographics_1_191016-1024x492.png"},{"@type":"BreadcrumbList","@id":"https:\/\/www.open-up.ch\/fr\/reseau\/#breadcrumb","itemListElement":[{"@type":"ListItem","position":1,"name":"Home","item":"https:\/\/www.open-up.ch\/fr\/"},{"@type":"ListItem","position":2,"name":"\u1397 R\u00e9seau"}]},{"@type":"WebSite","@id":"https:\/\/www.open-up.ch\/en\/#website","url":"https:\/\/www.open-up.ch\/en\/","name":"open up","description":"","potentialAction":[{"@type":"SearchAction","target":{"@type":"EntryPoint","urlTemplate":"https:\/\/www.open-up.ch\/en\/?s={search_term_string}"},"query-input":{"@type":"PropertyValueSpecification","valueRequired":true,"valueName":"search_term_string"}}],"inLanguage":"fr-FR"}]}},"_links":{"self":[{"href":"https:\/\/www.open-up.ch\/fr\/wp-json\/wp\/v2\/pages\/28650","targetHints":{"allow":["GET"]}}],"collection":[{"href":"https:\/\/www.open-up.ch\/fr\/wp-json\/wp\/v2\/pages"}],"about":[{"href":"https:\/\/www.open-up.ch\/fr\/wp-json\/wp\/v2\/types\/page"}],"author":[{"embeddable":true,"href":"https:\/\/www.open-up.ch\/fr\/wp-json\/wp\/v2\/users\/2"}],"replies":[{"embeddable":true,"href":"https:\/\/www.open-up.ch\/fr\/wp-json\/wp\/v2\/comments?post=28650"}],"version-history":[{"count":5,"href":"https:\/\/www.open-up.ch\/fr\/wp-json\/wp\/v2\/pages\/28650\/revisions"}],"predecessor-version":[{"id":30610,"href":"https:\/\/www.open-up.ch\/fr\/wp-json\/wp\/v2\/pages\/28650\/revisions\/30610"}],"wp:attachment":[{"href":"https:\/\/www.open-up.ch\/fr\/wp-json\/wp\/v2\/media?parent=28650"}],"curies":[{"name":"wp","href":"https:\/\/api.w.org\/{rel}","templated":true}]}}