{"id":29157,"date":"2019-07-25T13:01:59","date_gmt":"2019-07-25T13:01:59","guid":{"rendered":"https:\/\/www.open-up.ch\/en-ce-qui-nous-concerne\/"},"modified":"2025-09-08T10:05:45","modified_gmt":"2025-09-08T10:05:45","slug":"en-ce-qui-nous-concerne","status":"publish","type":"page","link":"https:\/\/www.open-up.ch\/fr\/openhub\/en-ce-qui-nous-concerne\/","title":{"rendered":"En ce qui nous concerne"},"content":{"rendered":"\t\t<div data-elementor-type=\"wp-post\" data-elementor-id=\"29157\" class=\"elementor elementor-29157 elementor-5233\" data-elementor-post-type=\"page\">\n\t\t\t\t\t\t<section class=\"elementor-section elementor-top-section elementor-element elementor-element-6c4aa13 elementor-section-full_width elementor-section-height-min-height headimg elementor-section-height-default elementor-section-items-middle\" data-id=\"6c4aa13\" data-element_type=\"section\" data-e-type=\"section\" data-settings=\"{&quot;background_background&quot;:&quot;classic&quot;}\">\n\t\t\t\t\t\t\t<div class=\"elementor-background-overlay\"><\/div>\n\t\t\t\t\t\t\t<div class=\"elementor-container elementor-column-gap-default\">\n\t\t\t\t\t<div class=\"elementor-column elementor-col-100 elementor-top-column elementor-element elementor-element-34b50c7\" data-id=\"34b50c7\" data-element_type=\"column\" data-e-type=\"column\">\n\t\t\t<div class=\"elementor-widget-wrap elementor-element-populated\">\n\t\t\t\t\t\t<div class=\"elementor-element elementor-element-f4f6f96 elementor-widget elementor-widget-spacer\" data-id=\"f4f6f96\" data-element_type=\"widget\" data-e-type=\"widget\" data-widget_type=\"spacer.default\">\n\t\t\t\t<div class=\"elementor-widget-container\">\n\t\t\t\t\t\t\t<div class=\"elementor-spacer\">\n\t\t\t<div class=\"elementor-spacer-inner\"><\/div>\n\t\t<\/div>\n\t\t\t\t\t\t<\/div>\n\t\t\t\t<\/div>\n\t\t\t\t\t<\/div>\n\t\t<\/div>\n\t\t\t\t\t<\/div>\n\t\t<\/section>\n\t\t\t\t<section class=\"elementor-section elementor-top-section elementor-element elementor-element-2243d92 elementor-section-full_width left right headf elementor-section-height-default elementor-section-height-default\" data-id=\"2243d92\" data-element_type=\"section\" data-e-type=\"section\" data-settings=\"{&quot;background_background&quot;:&quot;classic&quot;}\">\n\t\t\t\t\t\t<div class=\"elementor-container elementor-column-gap-default\">\n\t\t\t\t\t<div class=\"elementor-column elementor-col-100 elementor-top-column elementor-element elementor-element-f4c4e83\" data-id=\"f4c4e83\" data-element_type=\"column\" data-e-type=\"column\">\n\t\t\t<div class=\"elementor-widget-wrap elementor-element-populated\">\n\t\t\t\t\t\t<div class=\"elementor-element elementor-element-dcfeca1 h1_bullet elementor-widget elementor-widget-text-editor\" data-id=\"dcfeca1\" data-element_type=\"widget\" data-e-type=\"widget\" id=\"test\" data-widget_type=\"text-editor.default\">\n\t\t\t\t<div class=\"elementor-widget-container\">\n\t\t\t\t\t\t\t\t\t<h1><a href=\"..\/openhub\/\">openHub<\/a><\/h1>\t\t\t\t\t\t\t\t<\/div>\n\t\t\t\t<\/div>\n\t\t\t\t\t<\/div>\n\t\t<\/div>\n\t\t\t\t\t<\/div>\n\t\t<\/section>\n\t\t\t\t<section class=\"elementor-section elementor-top-section elementor-element elementor-element-5df81a3 elementor-section-full_width left ophub elementor-section-height-default elementor-section-height-default\" data-id=\"5df81a3\" data-element_type=\"section\" data-e-type=\"section\" data-settings=\"{&quot;background_background&quot;:&quot;classic&quot;}\">\n\t\t\t\t\t\t<div class=\"elementor-container elementor-column-gap-default\">\n\t\t\t\t\t<div class=\"elementor-column elementor-col-33 elementor-top-column elementor-element elementor-element-842422e newsfilter \" data-id=\"842422e\" data-element_type=\"column\" data-e-type=\"column\">\n\t\t\t<div class=\"elementor-widget-wrap elementor-element-populated\">\n\t\t\t\t\t\t<div class=\"elementor-element elementor-element-fe9fb4e elementor-widget elementor-widget-text-editor\" data-id=\"fe9fb4e\" data-element_type=\"widget\" data-e-type=\"widget\" data-widget_type=\"text-editor.default\">\n\t\t\t\t<div class=\"elementor-widget-container\">\n\t\t\t\t\t\t\t\t\t<p><strong>filtrer par:<\/strong><\/p>\n\t\t\t\t\t\t\t\t<\/div>\n\t\t\t\t<\/div>\n\t\t\t\t<div class=\"elementor-element elementor-element-24c3d6b elementor-widget elementor-widget-text-editor\" data-id=\"24c3d6b\" data-element_type=\"widget\" data-e-type=\"widget\" data-widget_type=\"text-editor.default\">\n\t\t\t\t<div class=\"elementor-widget-container\">\n\t\t\t\t\t\t\t\t\t<p><a href=\"https:\/\/www.open-up.ch\/fr\/openhub\/apercus\/\">aper\u00e7us<\/a><\/p>\t\t\t\t\t\t\t\t<\/div>\n\t\t\t\t<\/div>\n\t\t\t\t<div class=\"elementor-element elementor-element-4c1ca80 elementor-widget elementor-widget-text-editor\" data-id=\"4c1ca80\" data-element_type=\"widget\" data-e-type=\"widget\" data-widget_type=\"text-editor.default\">\n\t\t\t\t<div class=\"elementor-widget-container\">\n\t\t\t\t\t\t\t\t\t<p><a href=\"https:\/\/www.open-up.ch\/fr\/openhub\/points-de-vue\/\">points de vue<\/a><\/p>\t\t\t\t\t\t\t\t<\/div>\n\t\t\t\t<\/div>\n\t\t\t\t<div class=\"elementor-element elementor-element-911b873 elementor-widget elementor-widget-text-editor\" data-id=\"911b873\" data-element_type=\"widget\" data-e-type=\"widget\" data-widget_type=\"text-editor.default\">\n\t\t\t\t<div class=\"elementor-widget-container\">\n\t\t\t\t\t\t\t\t\t<p><span style=\"text-decoration: underline;\"><a href=\"https:\/\/www.open-up.ch\/fr\/en-ce-qui-nous-concerne\/\">En ce qui nous concerne<\/a><\/span><\/p>\t\t\t\t\t\t\t\t<\/div>\n\t\t\t\t<\/div>\n\t\t\t\t\t<\/div>\n\t\t<\/div>\n\t\t\t\t<div class=\"elementor-column elementor-col-33 elementor-top-column elementor-element elementor-element-3661284\" data-id=\"3661284\" data-element_type=\"column\" data-e-type=\"column\">\n\t\t\t<div class=\"elementor-widget-wrap elementor-element-populated\">\n\t\t\t\t\t\t<div class=\"elementor-element elementor-element-935942e ee-grid-columns-2 ee-grid-columns-tablet-2 ee-grid-columns-mobile-1 ee-grid-align--stretch ee-grid-halign--left elementor-widget elementor-widget-posts-extra\" data-id=\"935942e\" data-element_type=\"widget\" data-e-type=\"widget\" id=\"posthub\" data-settings=\"{&quot;classic_grid_columns_spacing&quot;:{&quot;unit&quot;:&quot;px&quot;,&quot;size&quot;:20,&quot;sizes&quot;:[]},&quot;columns&quot;:&quot;2&quot;,&quot;columns_tablet&quot;:&quot;2&quot;,&quot;columns_mobile&quot;:&quot;1&quot;,&quot;classic_layout&quot;:&quot;default&quot;,&quot;classic_grid_columns_spacing_tablet&quot;:{&quot;unit&quot;:&quot;px&quot;,&quot;size&quot;:12,&quot;sizes&quot;:[]},&quot;classic_grid_columns_spacing_mobile&quot;:{&quot;unit&quot;:&quot;px&quot;,&quot;size&quot;:0,&quot;sizes&quot;:[]}}\" data-widget_type=\"posts-extra.classic\">\n\t\t\t\t<div class=\"elementor-widget-container\">\n\t\t\t\t\t<div class=\"ee-posts__nothing-found\"><\/div>\t\t\t\t<\/div>\n\t\t\t\t<\/div>\n\t\t\t\t\t<\/div>\n\t\t<\/div>\n\t\t\t\t<div class=\"elementor-column elementor-col-33 elementor-top-column elementor-element elementor-element-76d7976 elementor-hidden-tablet\" data-id=\"76d7976\" data-element_type=\"column\" data-e-type=\"column\">\n\t\t\t<div class=\"elementor-widget-wrap elementor-element-populated\">\n\t\t\t\t\t\t<div class=\"elementor-element elementor-element-418238f elementor-hidden-desktop elementor-hidden-tablet elementor-hidden-mobile elementor-widget elementor-widget-facebook-page\" data-id=\"418238f\" data-element_type=\"widget\" data-e-type=\"widget\" data-widget_type=\"facebook-page.default\">\n\t\t\t\t<div class=\"elementor-widget-container\">\n\t\t\t\t\t<div class=\"elementor-facebook-widget fb-page\" data-href=\"https:\/\/www.facebook.com\/openupAG\/\" data-tabs=\"timeline\" data-height=\"500px\" data-width=\"500px\" data-small-header=\"false\" data-hide-cover=\"false\" data-show-facepile=\"true\" data-hide-cta=\"false\" style=\"min-height: 1px;height:500px\"><\/div>\t\t\t\t<\/div>\n\t\t\t\t<\/div>\n\t\t\t\t<div class=\"elementor-element elementor-element-f8e1e4b ee-grid-columns-1 elementor-hidden-mobile postex elementor-hidden-desktop elementor-hidden-tablet ee-grid-columns-tablet-2 ee-grid-columns-mobile-1 ee-grid-align--stretch ee-grid-halign--left elementor-widget elementor-widget-posts-extra\" data-id=\"f8e1e4b\" data-element_type=\"widget\" data-e-type=\"widget\" data-settings=\"{&quot;classic_grid_columns_spacing&quot;:{&quot;unit&quot;:&quot;px&quot;,&quot;size&quot;:20,&quot;sizes&quot;:[]},&quot;columns&quot;:&quot;1&quot;,&quot;columns_tablet&quot;:&quot;2&quot;,&quot;columns_mobile&quot;:&quot;1&quot;,&quot;classic_grid_columns_spacing_tablet&quot;:{&quot;unit&quot;:&quot;px&quot;,&quot;size&quot;:12,&quot;sizes&quot;:[]},&quot;classic_grid_columns_spacing_mobile&quot;:{&quot;unit&quot;:&quot;px&quot;,&quot;size&quot;:0,&quot;sizes&quot;:[]}}\" data-widget_type=\"posts-extra.classic\">\n\t\t\t\t<div class=\"elementor-widget-container\">\n\t\t\t\t\t<div class=\"ee-posts__nothing-found\"><\/div>\t\t\t\t<\/div>\n\t\t\t\t<\/div>\n\t\t\t\t<div class=\"elementor-element elementor-element-e6261db elementor-widget elementor-widget-html\" data-id=\"e6261db\" data-element_type=\"widget\" data-e-type=\"widget\" id=\"linkedin\" data-widget_type=\"html.default\">\n\t\t\t\t<div class=\"elementor-widget-container\">\n\t\t\t\t\t<!-- Elfsight LinkedIn Feed | Untitled LinkedIn Feed -->\r\n<script src=\"https:\/\/static.elfsight.com\/platform\/platform.js\" async><\/script>\r\n<div class=\"elfsight-app-156863ff-f64f-4d38-80ea-bf1886d816ec\" data-elfsight-app-lazy><\/div>\r\n\r\n\r\n<style>\r\n    #linkedin .LoadMoreButton__Container-sc-99duct-0{\r\n        display: none !important;\r\n    }\r\n    #eapps-linkedin-feed\r\n    \r\n<\/style>\r\n\r\n<script>\r\n    document.addEventListener(\"DOMContentLoaded\", function () {\r\n  const interval = setInterval(() => {\r\n    const target = document.querySelector(\r\n      '#eapps-linkedin-feed-156863ff-f64f-4d38-80ea-bf1886d816ec > div > div > div > div[class*=\"WidgetBackground__Content\"] > a'\r\n    );\r\n    if (target) {\r\n      target.style.setProperty(\"display\", \"none\", \"important\");\r\n      clearInterval(interval);\r\n    }\r\n  }, 300);\r\n});\r\n\r\n<\/script>\t\t\t\t<\/div>\n\t\t\t\t<\/div>\n\t\t\t\t\t<\/div>\n\t\t<\/div>\n\t\t\t\t\t<\/div>\n\t\t<\/section>\n\t\t\t\t<section class=\"elementor-section elementor-top-section elementor-element elementor-element-593dfa2 elementor-section-full_width left right elementor-section-height-default elementor-section-height-default\" data-id=\"593dfa2\" data-element_type=\"section\" data-e-type=\"section\">\n\t\t\t\t\t\t<div class=\"elementor-container elementor-column-gap-default\">\n\t\t\t\t\t<div class=\"elementor-column elementor-col-100 elementor-top-column elementor-element elementor-element-19d7e1f\" data-id=\"19d7e1f\" data-element_type=\"column\" data-e-type=\"column\">\n\t\t\t<div class=\"elementor-widget-wrap elementor-element-populated\">\n\t\t\t\t\t\t<div class=\"elementor-element elementor-element-7c57be7 elementor-widget elementor-widget-ee-breadcrumbs\" data-id=\"7c57be7\" data-element_type=\"widget\" data-e-type=\"widget\" data-widget_type=\"ee-breadcrumbs.default\">\n\t\t\t\t<div class=\"elementor-widget-container\">\n\t\t\t\t\t<ul class=\"ee-breadcrumbs\" itemscope=\"\" itemtype=\"http:\/\/schema.org\/BreadcrumbList\"><\/ul>\t\t\t\t<\/div>\n\t\t\t\t<\/div>\n\t\t\t\t\t<\/div>\n\t\t<\/div>\n\t\t\t\t\t<\/div>\n\t\t<\/section>\n\t\t\t\t<section class=\"elementor-section elementor-top-section elementor-element elementor-element-5b8a4ed elementor-section-stretched elementor-section-full_width linkcolorgreen elementor-section-height-default elementor-section-height-default\" data-id=\"5b8a4ed\" data-element_type=\"section\" data-e-type=\"section\" data-settings=\"{&quot;stretch_section&quot;:&quot;section-stretched&quot;,&quot;background_background&quot;:&quot;classic&quot;}\">\n\t\t\t\t\t\t<div class=\"elementor-container elementor-column-gap-default\">\n\t\t\t\t\t<div class=\"elementor-column elementor-col-100 elementor-top-column elementor-element elementor-element-edd96a1\" data-id=\"edd96a1\" data-element_type=\"column\" data-e-type=\"column\">\n\t\t\t<div class=\"elementor-widget-wrap elementor-element-populated\">\n\t\t\t\t\t\t<div class=\"elementor-element elementor-element-165c974 elementor-widget elementor-widget-spacer\" data-id=\"165c974\" data-element_type=\"widget\" data-e-type=\"widget\" data-widget_type=\"spacer.default\">\n\t\t\t\t<div class=\"elementor-widget-container\">\n\t\t\t\t\t\t\t<div class=\"elementor-spacer\">\n\t\t\t<div class=\"elementor-spacer-inner\"><\/div>\n\t\t<\/div>\n\t\t\t\t\t\t<\/div>\n\t\t\t\t<\/div>\n\t\t\t\t\t<\/div>\n\t\t<\/div>\n\t\t\t\t\t<\/div>\n\t\t<\/section>\n\t\t\t\t<\/div>\n\t\t","protected":false},"excerpt":{"rendered":"<p>openHub filtrer par: aper\u00e7us points de vue En ce qui nous concerne In eigener Sache \u00b7 open up erweitert F\u00fchrungsteam open up baut das F\u00fchrungsteam aus mit der Berufung von Nabila Bouzouina und Evelyne Oechslin in die neu geschaffene erweiterte Gesch\u00e4ftsleitung. 30.06.2025|\u00b7 In eigener Sache \u00b7 Stakeholder-Journey zum Matterhorn Mit dem anstehenden Bau des Mattertal &#8230; <a title=\"En ce qui nous concerne\" class=\"read-more\" href=\"https:\/\/www.open-up.ch\/fr\/openhub\/en-ce-qui-nous-concerne\/\">Lire la suite<span class=\"screen-reader-text\">En ce qui nous concerne<\/span><\/a><\/p>\n","protected":false},"author":2,"featured_media":0,"parent":29163,"menu_order":0,"comment_status":"closed","ping_status":"closed","template":"elementor_header_footer","meta":{"_acf_changed":false,"inline_featured_image":false,"footnotes":""},"class_list":["post-29157","page","type-page","status-publish"],"acf":[],"yoast_head":"<!-- This site is optimized with the Yoast SEO plugin v27.4 - https:\/\/yoast.com\/product\/yoast-seo-wordpress\/ -->\n<title>En ce qui nous concerne - open up<\/title>\n<meta name=\"robots\" content=\"index, follow, max-snippet:-1, max-image-preview:large, max-video-preview:-1\" \/>\n<link rel=\"canonical\" href=\"https:\/\/www.open-up.ch\/openhub\/in-eigener-sache\/\" \/>\n<meta property=\"og:locale\" content=\"fr_FR\" \/>\n<meta property=\"og:type\" content=\"article\" \/>\n<meta property=\"og:title\" content=\"En ce qui nous concerne - open up\" \/>\n<meta property=\"og:description\" content=\"openHub filtrer par: aper\u00e7us points de vue En ce qui nous concerne In eigener Sache \u00b7 open up erweitert F\u00fchrungsteam open up baut das F\u00fchrungsteam aus mit der Berufung von Nabila Bouzouina und Evelyne Oechslin in die neu geschaffene erweiterte Gesch\u00e4ftsleitung. 30.06.2025|\u00b7 In eigener Sache \u00b7 Stakeholder-Journey zum Matterhorn Mit dem anstehenden Bau des Mattertal ... Lire la suiteEn ce qui nous concerne\" \/>\n<meta property=\"og:url\" content=\"https:\/\/www.open-up.ch\/openhub\/in-eigener-sache\/\" \/>\n<meta property=\"og:site_name\" content=\"open up\" \/>\n<meta property=\"article:modified_time\" content=\"2025-09-08T10:05:45+00:00\" \/>\n<meta property=\"og:image\" content=\"https:\/\/www.open-up.ch\/wp-content\/uploads\/2025\/06\/erweiterte-gl-open-up.jpg\" \/>\n\t<meta property=\"og:image:width\" content=\"1920\" \/>\n\t<meta property=\"og:image:height\" content=\"1280\" \/>\n\t<meta property=\"og:image:type\" content=\"image\/jpeg\" \/>\n<meta name=\"twitter:card\" content=\"summary_large_image\" \/>\n<meta name=\"twitter:label1\" content=\"Dur\u00e9e de lecture estim\u00e9e\" \/>\n\t<meta name=\"twitter:data1\" content=\"5 minutes\" \/>\n<!-- \/ Yoast SEO plugin. -->","yoast_head_json":{"title":"En ce qui nous concerne - open up","robots":{"index":"index","follow":"follow","max-snippet":"max-snippet:-1","max-image-preview":"max-image-preview:large","max-video-preview":"max-video-preview:-1"},"canonical":"https:\/\/www.open-up.ch\/openhub\/in-eigener-sache\/","og_locale":"fr_FR","og_type":"article","og_title":"En ce qui nous concerne - open up","og_description":"openHub filtrer par: aper\u00e7us points de vue En ce qui nous concerne In eigener Sache \u00b7 open up erweitert F\u00fchrungsteam open up baut das F\u00fchrungsteam aus mit der Berufung von Nabila Bouzouina und Evelyne Oechslin in die neu geschaffene erweiterte Gesch\u00e4ftsleitung. 30.06.2025|\u00b7 In eigener Sache \u00b7 Stakeholder-Journey zum Matterhorn Mit dem anstehenden Bau des Mattertal ... Lire la suiteEn ce qui nous concerne","og_url":"https:\/\/www.open-up.ch\/openhub\/in-eigener-sache\/","og_site_name":"open up","article_modified_time":"2025-09-08T10:05:45+00:00","og_image":[{"width":1920,"height":1280,"url":"https:\/\/www.open-up.ch\/wp-content\/uploads\/2025\/06\/erweiterte-gl-open-up.jpg","type":"image\/jpeg"}],"twitter_card":"summary_large_image","twitter_misc":{"Dur\u00e9e de lecture estim\u00e9e":"5 minutes"},"schema":{"@context":"https:\/\/schema.org","@graph":[{"@type":"WebPage","@id":"https:\/\/www.open-up.ch\/openhub\/in-eigener-sache\/","url":"https:\/\/www.open-up.ch\/openhub\/in-eigener-sache\/","name":"En ce qui nous concerne - open up","isPartOf":{"@id":"https:\/\/www.open-up.ch\/en\/#website"},"primaryImageOfPage":{"@id":"https:\/\/www.open-up.ch\/openhub\/in-eigener-sache\/#primaryimage"},"image":{"@id":"https:\/\/www.open-up.ch\/openhub\/in-eigener-sache\/#primaryimage"},"thumbnailUrl":"https:\/\/www.open-up.ch\/wp-content\/uploads\/2025\/06\/erweiterte-gl-open-up-1024x683.jpg","datePublished":"2019-07-25T13:01:59+00:00","dateModified":"2025-09-08T10:05:45+00:00","breadcrumb":{"@id":"https:\/\/www.open-up.ch\/openhub\/in-eigener-sache\/#breadcrumb"},"inLanguage":"fr-FR","potentialAction":[{"@type":"ReadAction","target":["https:\/\/www.open-up.ch\/openhub\/in-eigener-sache\/"]}]},{"@type":"ImageObject","inLanguage":"fr-FR","@id":"https:\/\/www.open-up.ch\/openhub\/in-eigener-sache\/#primaryimage","url":"https:\/\/www.open-up.ch\/wp-content\/uploads\/2025\/06\/erweiterte-gl-open-up-1024x683.jpg","contentUrl":"https:\/\/www.open-up.ch\/wp-content\/uploads\/2025\/06\/erweiterte-gl-open-up-1024x683.jpg"},{"@type":"BreadcrumbList","@id":"https:\/\/www.open-up.ch\/openhub\/in-eigener-sache\/#breadcrumb","itemListElement":[{"@type":"ListItem","position":1,"name":"Home","item":"https:\/\/www.open-up.ch\/fr\/"},{"@type":"ListItem","position":2,"name":"\u1397 openHub","item":"https:\/\/www.open-up.ch\/openhub\/"},{"@type":"ListItem","position":3,"name":"En ce qui nous concerne"}]},{"@type":"WebSite","@id":"https:\/\/www.open-up.ch\/en\/#website","url":"https:\/\/www.open-up.ch\/en\/","name":"open up","description":"","potentialAction":[{"@type":"SearchAction","target":{"@type":"EntryPoint","urlTemplate":"https:\/\/www.open-up.ch\/en\/?s={search_term_string}"},"query-input":{"@type":"PropertyValueSpecification","valueRequired":true,"valueName":"search_term_string"}}],"inLanguage":"fr-FR"}]}},"_links":{"self":[{"href":"https:\/\/www.open-up.ch\/fr\/wp-json\/wp\/v2\/pages\/29157","targetHints":{"allow":["GET"]}}],"collection":[{"href":"https:\/\/www.open-up.ch\/fr\/wp-json\/wp\/v2\/pages"}],"about":[{"href":"https:\/\/www.open-up.ch\/fr\/wp-json\/wp\/v2\/types\/page"}],"author":[{"embeddable":true,"href":"https:\/\/www.open-up.ch\/fr\/wp-json\/wp\/v2\/users\/2"}],"replies":[{"embeddable":true,"href":"https:\/\/www.open-up.ch\/fr\/wp-json\/wp\/v2\/comments?post=29157"}],"version-history":[{"count":10,"href":"https:\/\/www.open-up.ch\/fr\/wp-json\/wp\/v2\/pages\/29157\/revisions"}],"predecessor-version":[{"id":40755,"href":"https:\/\/www.open-up.ch\/fr\/wp-json\/wp\/v2\/pages\/29157\/revisions\/40755"}],"up":[{"embeddable":true,"href":"https:\/\/www.open-up.ch\/fr\/wp-json\/wp\/v2\/pages\/29163"}],"wp:attachment":[{"href":"https:\/\/www.open-up.ch\/fr\/wp-json\/wp\/v2\/media?parent=29157"}],"curies":[{"name":"wp","href":"https:\/\/api.w.org\/{rel}","templated":true}]}}