{"id":29161,"date":"2019-07-18T10:19:57","date_gmt":"2019-07-18T10:19:57","guid":{"rendered":"https:\/\/www.open-up.ch\/%e1%8e%97-cooperation\/"},"modified":"2023-04-05T13:12:42","modified_gmt":"2023-04-05T13:12:42","slug":"cooperation","status":"publish","type":"page","link":"https:\/\/www.open-up.ch\/fr\/cooperation\/","title":{"rendered":"\u1397 Coop\u00e9ration"},"content":{"rendered":"\t\t<div data-elementor-type=\"wp-page\" data-elementor-id=\"29161\" class=\"elementor elementor-29161 elementor-4516\" data-elementor-post-type=\"page\">\n\t\t\t\t\t\t<section class=\"elementor-section elementor-top-section elementor-element elementor-element-1f289fa elementor-section-full_width elementor-section-height-min-height headimg elementor-section-height-default elementor-section-items-middle\" data-id=\"1f289fa\" data-element_type=\"section\" data-e-type=\"section\" data-settings=\"{&quot;background_background&quot;:&quot;classic&quot;}\">\n\t\t\t\t\t\t\t<div class=\"elementor-background-overlay\"><\/div>\n\t\t\t\t\t\t\t<div class=\"elementor-container elementor-column-gap-default\">\n\t\t\t\t\t<div class=\"elementor-column elementor-col-100 elementor-top-column elementor-element elementor-element-c99659c\" data-id=\"c99659c\" data-element_type=\"column\" data-e-type=\"column\">\n\t\t\t<div class=\"elementor-widget-wrap elementor-element-populated\">\n\t\t\t\t\t\t<div class=\"elementor-element elementor-element-9ff8509 elementor-widget elementor-widget-spacer\" data-id=\"9ff8509\" data-element_type=\"widget\" data-e-type=\"widget\" data-widget_type=\"spacer.default\">\n\t\t\t\t<div class=\"elementor-widget-container\">\n\t\t\t\t\t\t\t<div class=\"elementor-spacer\">\n\t\t\t<div class=\"elementor-spacer-inner\"><\/div>\n\t\t<\/div>\n\t\t\t\t\t\t<\/div>\n\t\t\t\t<\/div>\n\t\t\t\t\t<\/div>\n\t\t<\/div>\n\t\t\t\t\t<\/div>\n\t\t<\/section>\n\t\t\t\t<section class=\"elementor-section elementor-top-section elementor-element elementor-element-ba5f61e elementor-section-full_width left right headf elementor-section-height-default elementor-section-height-default\" data-id=\"ba5f61e\" data-element_type=\"section\" data-e-type=\"section\" data-settings=\"{&quot;background_background&quot;:&quot;classic&quot;}\">\n\t\t\t\t\t\t<div class=\"elementor-container elementor-column-gap-default\">\n\t\t\t\t\t<div class=\"elementor-column elementor-col-100 elementor-top-column elementor-element elementor-element-76034b1\" data-id=\"76034b1\" data-element_type=\"column\" data-e-type=\"column\">\n\t\t\t<div class=\"elementor-widget-wrap elementor-element-populated\">\n\t\t\t\t\t\t<div class=\"elementor-element elementor-element-01159d9 h1_bullet elementor-widget elementor-widget-text-editor\" data-id=\"01159d9\" data-element_type=\"widget\" data-e-type=\"widget\" data-widget_type=\"text-editor.default\">\n\t\t\t\t<div class=\"elementor-widget-container\">\n\t\t\t\t\t\t\t\t\t<h1>Coop\u00e9ration<\/h1>\n\t\t\t\t\t\t\t\t<\/div>\n\t\t\t\t<\/div>\n\t\t\t\t<div class=\"elementor-element elementor-element-f68bb8f elementor-widget elementor-widget-text-editor\" data-id=\"f68bb8f\" data-element_type=\"widget\" data-e-type=\"widget\" data-widget_type=\"text-editor.default\">\n\t\t\t\t<div class=\"elementor-widget-container\">\n\t\t\t\t\t\t\t\t\t<p><strong>Le cahier des charges d\u00e9finit le r\u00f4le.<\/strong><\/p><p>Les conseillers et conseill\u00e8res d&#8217;open up adoptent diff\u00e9rentes perspectives. Les \u00e9quipes de mandat et de projet sont constitu\u00e9es individuellement selon des crit\u00e8res d\u00e9finis en commun avec les clients.<\/p><p>Un comportement proactif et un \u00e9change direct caract\u00e9risent notre m\u00e9thode de travail. Nous \u00e9valuons les t\u00e2ches de mani\u00e8re critique, prenons une position claire et formulons des recommandations.<\/p>\t\t\t\t\t\t\t\t<\/div>\n\t\t\t\t<\/div>\n\t\t\t\t<div class=\"elementor-element elementor-element-91bc8a6 elementor-widget elementor-widget-text-editor\" data-id=\"91bc8a6\" data-element_type=\"widget\" data-e-type=\"widget\" id=\"rollenmodell\" data-widget_type=\"text-editor.default\">\n\t\t\t\t<div class=\"elementor-widget-container\">\n\t\t\t\t\t\t\t\t\t<p>Que ce soit sur la base d&#8217;un projet ou en tant qu&#8217;entrepreneur g\u00e9n\u00e9ral, nous ne nous contentons pas de conseiller nos clients, nous mettons \u00e9galement en \u0153uvre pour eux les mesures de communication propos\u00e9es.<\/p>\n\t\t\t\t\t\t\t\t<\/div>\n\t\t\t\t<\/div>\n\t\t\t\t\t<\/div>\n\t\t<\/div>\n\t\t\t\t\t<\/div>\n\t\t<\/section>\n\t\t\t\t<section class=\"elementor-section elementor-top-section elementor-element elementor-element-1efffe3 elementor-section-full_width left right elementor-section-height-default elementor-section-height-default\" data-id=\"1efffe3\" data-element_type=\"section\" data-e-type=\"section\">\n\t\t\t\t\t\t<div class=\"elementor-container elementor-column-gap-default\">\n\t\t\t\t\t<div class=\"elementor-column elementor-col-25 elementor-top-column elementor-element elementor-element-c0a0813\" data-id=\"c0a0813\" data-element_type=\"column\" data-e-type=\"column\">\n\t\t\t<div class=\"elementor-widget-wrap elementor-element-populated\">\n\t\t\t\t\t\t<div class=\"elementor-element elementor-element-5f0c110 elementor-widget elementor-widget-text-editor\" data-id=\"5f0c110\" data-element_type=\"widget\" data-e-type=\"widget\" data-widget_type=\"text-editor.default\">\n\t\t\t\t<div class=\"elementor-widget-container\">\n\t\t\t\t\t\t\t\t\t<h4>Conseiller en communication<br \/>\nexterne<\/h4>\n\t\t\t\t\t\t\t\t<\/div>\n\t\t\t\t<\/div>\n\t\t\t\t\t<\/div>\n\t\t<\/div>\n\t\t\t\t<div class=\"elementor-column elementor-col-25 elementor-top-column elementor-element elementor-element-dc248db\" data-id=\"dc248db\" data-element_type=\"column\" data-e-type=\"column\">\n\t\t\t<div class=\"elementor-widget-wrap elementor-element-populated\">\n\t\t\t\t\t\t<div class=\"elementor-element elementor-element-4b3f7fd elementor-widget elementor-widget-text-editor\" data-id=\"4b3f7fd\" data-element_type=\"widget\" data-e-type=\"widget\" data-widget_type=\"text-editor.default\">\n\t\t\t\t<div class=\"elementor-widget-container\">\n\t\t\t\t\t\t\t\t\t<h4>Contact pour<br \/>\nM\u00e9dias<\/h4>\n\t\t\t\t\t\t\t\t<\/div>\n\t\t\t\t<\/div>\n\t\t\t\t\t<\/div>\n\t\t<\/div>\n\t\t\t\t<div class=\"elementor-column elementor-col-25 elementor-top-column elementor-element elementor-element-cde86ba\" data-id=\"cde86ba\" data-element_type=\"column\" data-e-type=\"column\">\n\t\t\t<div class=\"elementor-widget-wrap elementor-element-populated\">\n\t\t\t\t\t\t<div class=\"elementor-element elementor-element-49d8dff elementor-widget elementor-widget-text-editor\" data-id=\"49d8dff\" data-element_type=\"widget\" data-e-type=\"widget\" data-widget_type=\"text-editor.default\">\n\t\t\t\t<div class=\"elementor-widget-container\">\n\t\t\t\t\t\t\t\t\t<h4>Service de communication externalis\u00e9<\/h4>\t\t\t\t\t\t\t\t<\/div>\n\t\t\t\t<\/div>\n\t\t\t\t\t<\/div>\n\t\t<\/div>\n\t\t\t\t<div class=\"elementor-column elementor-col-25 elementor-top-column elementor-element elementor-element-5657b48\" data-id=\"5657b48\" data-element_type=\"column\" data-e-type=\"column\">\n\t\t\t<div class=\"elementor-widget-wrap elementor-element-populated\">\n\t\t\t\t\t\t<div class=\"elementor-element elementor-element-4da6dc6 elementor-widget elementor-widget-text-editor\" data-id=\"4da6dc6\" data-element_type=\"widget\" data-e-type=\"widget\" data-widget_type=\"text-editor.default\">\n\t\t\t\t<div class=\"elementor-widget-container\">\n\t\t\t\t\t\t\t\t\t<h4>Strat\u00e8ge de contenu<br \/>\nou gestionnaire de contenu externe<\/h4>\n\t\t\t\t\t\t\t\t<\/div>\n\t\t\t\t<\/div>\n\t\t\t\t\t<\/div>\n\t\t<\/div>\n\t\t\t\t\t<\/div>\n\t\t<\/section>\n\t\t\t\t<section class=\"elementor-section elementor-top-section elementor-element elementor-element-c6e3629 elementor-section-full_width left right headf elementor-section-height-default elementor-section-height-default\" data-id=\"c6e3629\" data-element_type=\"section\" data-e-type=\"section\" data-settings=\"{&quot;background_background&quot;:&quot;classic&quot;}\">\n\t\t\t\t\t\t<div class=\"elementor-container elementor-column-gap-default\">\n\t\t\t\t\t<div class=\"elementor-column elementor-col-100 elementor-top-column elementor-element elementor-element-3de9e71\" data-id=\"3de9e71\" data-element_type=\"column\" data-e-type=\"column\">\n\t\t\t<div class=\"elementor-widget-wrap elementor-element-populated\">\n\t\t\t\t\t\t<div class=\"elementor-element elementor-element-fe39b40 ee-button-group-halign-right ee-button-group-mobile-valign-stretch ee-button-group-mobile-halign-justify wh ee-button-group-valign-stretch ee-button-group-gap-default elementor-widget elementor-widget-button-group\" data-id=\"fe39b40\" data-element_type=\"widget\" data-e-type=\"widget\" data-settings=\"{&quot;trigger&quot;:&quot;mouseenter&quot;,&quot;trigger_tablet&quot;:&quot;click_target&quot;,&quot;trigger_mobile&quot;:&quot;click_target&quot;,&quot;_hide&quot;:&quot;mouseleave&quot;,&quot;_hide_tablet&quot;:&quot;click_out&quot;,&quot;_hide_mobile&quot;:&quot;click_out&quot;,&quot;position&quot;:&quot;bottom&quot;,&quot;delay_in&quot;:{&quot;unit&quot;:&quot;px&quot;,&quot;size&quot;:&quot;&quot;,&quot;sizes&quot;:[]},&quot;delay_out&quot;:{&quot;unit&quot;:&quot;px&quot;,&quot;size&quot;:&quot;&quot;,&quot;sizes&quot;:[]},&quot;duration&quot;:{&quot;unit&quot;:&quot;px&quot;,&quot;size&quot;:&quot;&quot;,&quot;sizes&quot;:[]}}\" data-widget_type=\"button-group.default\">\n\t\t\t\t<div class=\"elementor-widget-container\">\n\t\t\t\t\t<ul class=\"ee-button-group\"><li class=\"ee-button-gap elementor-repeater-item-4b178d2\">\n\t\t\t\t\t<a class=\"ee-button-wrapper ee-effect ee-effect-type--\" href=\"https:\/\/www.open-up.ch\/fr\/%e1%8e%97-reseau\/\">\n\n\t\t\t\t\t\t<span class=\"ee-button ee-button-link ee-size-sm\" data-label=\"En savoir plus sur le mod\u00e8le d&#039;entrepreneur g\u00e9n\u00e9ral\">\n\t\t\t\t\t\t\t<span class=\"ee-button-content-wrapper\"><span class=\"ee-button-icon ee-icon ee-icon-support--svg ee-icon--right\"><i aria-hidden=\"true\" class=\"fas fa-chevron-right\"><\/i><\/span><span class=\"ee-button-text\">\n\t\t\t\t\t\t\t\t\tEn savoir plus sur le mod\u00e8le d'entrepreneur g\u00e9n\u00e9ral\t\t\t\t\t\t\t\t<\/span>\n\n\t\t\t\t\t\t\t\t\n\t\t\t\t\t\t\t<\/span>\n\t\t\t\t\t\t<\/span>\n\n\t\t\t\t\t<\/a>\n\t\t\t\t<\/li><\/ul>\n\t\t\t\t\t\t<\/div>\n\t\t\t\t<\/div>\n\t\t\t\t\t<\/div>\n\t\t<\/div>\n\t\t\t\t\t<\/div>\n\t\t<\/section>\n\t\t\t\t<section class=\"elementor-section elementor-top-section elementor-element elementor-element-f299886 elementor-section-full_width left right elementor-hidden-desktop elementor-hidden-tablet elementor-hidden-phone elementor-section-height-default elementor-section-height-default\" data-id=\"f299886\" data-element_type=\"section\" data-e-type=\"section\">\n\t\t\t\t\t\t<div class=\"elementor-container elementor-column-gap-default\">\n\t\t\t\t\t<div class=\"elementor-column elementor-col-100 elementor-top-column elementor-element elementor-element-6872d53\" data-id=\"6872d53\" data-element_type=\"column\" data-e-type=\"column\">\n\t\t\t<div class=\"elementor-widget-wrap elementor-element-populated\">\n\t\t\t\t\t\t<div class=\"elementor-element elementor-element-0e5be72 elementor-widget elementor-widget-text-editor\" data-id=\"0e5be72\" data-element_type=\"widget\" data-e-type=\"widget\" data-widget_type=\"text-editor.default\">\n\t\t\t\t<div class=\"elementor-widget-container\">\n\t\t\t\t\t\t\t\t\t<h2>Nos mod\u00e8les de collaboration<\/h2>\n\t\t\t\t\t\t\t\t<\/div>\n\t\t\t\t<\/div>\n\t\t\t\t<div class=\"elementor-element elementor-element-401e584 elementor-widget elementor-widget-text-editor\" data-id=\"401e584\" data-element_type=\"widget\" data-e-type=\"widget\" data-widget_type=\"text-editor.default\">\n\t\t\t\t<div class=\"elementor-widget-container\">\n\t\t\t\t\t\t\t\t\t<p>En tant que conseillers et sparring partners, nous fournissons des \u00e9valuations critiques et des recommandations claires ad hoc sur un sujet donn\u00e9. En tant que service de presse, nous entretenons activement le contact avec vos journalistes cl\u00e9s.<br \/>\nEn tant que service RP externalis\u00e9 et chefs de projet exp\u00e9riment\u00e9s, nous mettons en \u0153uvre des mesures de mani\u00e8re fiable ou, en tant que r\u00e9dacteurs, nous trouvons les mots justes pour vos th\u00e8mes.<\/p>\n\t\t\t\t\t\t\t\t<\/div>\n\t\t\t\t<\/div>\n\t\t\t\t\t<\/div>\n\t\t<\/div>\n\t\t\t\t\t<\/div>\n\t\t<\/section>\n\t\t\t\t<section class=\"elementor-section elementor-top-section elementor-element elementor-element-db1cd4c elementor-section-full_width elementor-hidden-desktop elementor-hidden-tablet elementor-hidden-phone elementor-section-height-default elementor-section-height-default\" data-id=\"db1cd4c\" data-element_type=\"section\" data-e-type=\"section\">\n\t\t\t\t\t\t<div class=\"elementor-container elementor-column-gap-default\">\n\t\t\t\t\t<div class=\"elementor-column elementor-col-50 elementor-top-column elementor-element elementor-element-0fe692a\" data-id=\"0fe692a\" data-element_type=\"column\" data-e-type=\"column\" data-settings=\"{&quot;background_background&quot;:&quot;classic&quot;}\">\n\t\t\t<div class=\"elementor-widget-wrap elementor-element-populated\">\n\t\t\t\t\t\t<div class=\"elementor-element elementor-element-d7bc7b6 bwhite elementor-widget elementor-widget-text-editor\" data-id=\"d7bc7b6\" data-element_type=\"widget\" data-e-type=\"widget\" data-widget_type=\"text-editor.default\">\n\t\t\t\t<div class=\"elementor-widget-container\">\n\t\t\t\t\t\t\t\t\t<ul>\n<li class=\"lileft\">Conseiller externe en communication<\/li>\n<li class=\"lileft\">D\u00e9veloppement de la strat\u00e9gie de communication<\/li>\n<li class=\"lileft\">Planification et d\u00e9finition du mix de mesures<\/li>\n<li class=\"lileft\">Brainstorming et seconds avis R\u00e9guli\u00e8rement<\/li>\n<li class=\"lileft\">Entretiens de conseil<\/li>\n<li class=\"lileft\">Organisation de d\u00e9jeuners th\u00e9matiques<\/li>\n<li class=\"lileft\">R\u00e9daction de textes pour les m\u00e9dias et de pr\u00e9sentations<\/li>\n<\/ul>\n\t\t\t\t\t\t\t\t<\/div>\n\t\t\t\t<\/div>\n\t\t\t\t\t<\/div>\n\t\t<\/div>\n\t\t\t\t<div class=\"elementor-column elementor-col-50 elementor-top-column elementor-element elementor-element-b5e8aaf\" data-id=\"b5e8aaf\" data-element_type=\"column\" data-e-type=\"column\" data-settings=\"{&quot;background_background&quot;:&quot;classic&quot;}\">\n\t\t\t<div class=\"elementor-widget-wrap elementor-element-populated\">\n\t\t\t\t\t\t<div class=\"elementor-element elementor-element-da9ca4f bwhite elementor-widget elementor-widget-text-editor\" data-id=\"da9ca4f\" data-element_type=\"widget\" data-e-type=\"widget\" data-widget_type=\"text-editor.default\">\n\t\t\t\t<div class=\"elementor-widget-container\">\n\t\t\t\t\t\t\t\t\t<ul>\r\n \t<li class=\"lileft\">Service de presse externe<\/li>\r\n \t<li class=\"lileft\">Fonction op\u00e9rationnelle en tant que service de presse externe<\/li>\r\n \t<li class=\"lileft\">D\u00e9veloppement d&#8217;un dossier de presse de base<\/li>\r\n \t<li class=\"lileft\">Placement d&#8217;interviews, de speakers et de stories<\/li>\r\n \t<li class=\"lileft\">Gestion de la base de donn\u00e9es m\u00e9dias et des journalistes cl\u00e9s<\/li>\r\n \t<li class=\"lileft\">Monitoring\/observation des m\u00e9dias<\/li>\r\n \t<li class=\"lileft\">R\u00e9daction de textes et envoi de communiqu\u00e9s de presse<\/li>\r\n<\/ul>\t\t\t\t\t\t\t\t<\/div>\n\t\t\t\t<\/div>\n\t\t\t\t\t<\/div>\n\t\t<\/div>\n\t\t\t\t\t<\/div>\n\t\t<\/section>\n\t\t\t\t<section class=\"elementor-section elementor-top-section elementor-element elementor-element-7d72ede elementor-section-full_width elementor-reverse-mobile elementor-hidden-desktop elementor-hidden-tablet elementor-hidden-phone elementor-section-height-default elementor-section-height-default\" data-id=\"7d72ede\" data-element_type=\"section\" data-e-type=\"section\">\n\t\t\t\t\t\t<div class=\"elementor-container elementor-column-gap-default\">\n\t\t\t\t\t<div class=\"elementor-column elementor-col-50 elementor-top-column elementor-element elementor-element-10c0b22\" data-id=\"10c0b22\" data-element_type=\"column\" data-e-type=\"column\" data-settings=\"{&quot;background_background&quot;:&quot;classic&quot;}\">\n\t\t\t<div class=\"elementor-widget-wrap elementor-element-populated\">\n\t\t\t\t\t\t<div class=\"elementor-element elementor-element-028d07b bwhite elementor-widget elementor-widget-text-editor\" data-id=\"028d07b\" data-element_type=\"widget\" data-e-type=\"widget\" data-widget_type=\"text-editor.default\">\n\t\t\t\t<div class=\"elementor-widget-container\">\n\t\t\t\t\t\t\t\t\t<ul>\r\n \t<li class=\"lileft\">D\u00e9partement RP externalis\u00e9<\/li>\r\n \t<li class=\"lileft\">Esquisses d&#8217;id\u00e9es et \u00e9valuation des mesures de RP<\/li>\r\n \t<li class=\"lileft\">Conception et r\u00e9alisation des mesures<\/li>\r\n \t<li class=\"lileft\">Direction de projet, planification et budg\u00e9tisation<\/li>\r\n \t<li class=\"lileft\">r\u00e9daction et \u00e9dition des contenus<\/li>\r\n \t<li class=\"lileft\">\u00e9valuation et gestion des partenaires externes<\/li>\r\n \t<li class=\"lileft\">Suivi de la production et gestion de projet<\/li>\r\n<\/ul>\t\t\t\t\t\t\t\t<\/div>\n\t\t\t\t<\/div>\n\t\t\t\t\t<\/div>\n\t\t<\/div>\n\t\t\t\t<div class=\"elementor-column elementor-col-50 elementor-top-column elementor-element elementor-element-0053600\" data-id=\"0053600\" data-element_type=\"column\" data-e-type=\"column\" data-settings=\"{&quot;background_background&quot;:&quot;classic&quot;}\">\n\t\t\t<div class=\"elementor-widget-wrap elementor-element-populated\">\n\t\t\t\t\t\t<div class=\"elementor-element elementor-element-535a6a5 bwhite elementor-widget elementor-widget-text-editor\" data-id=\"535a6a5\" data-element_type=\"widget\" data-e-type=\"widget\" data-widget_type=\"text-editor.default\">\n\t\t\t\t<div class=\"elementor-widget-container\">\n\t\t\t\t\t\t\t\t\t<ul>\r\n \t<li>R\u00e9dacteur (en chef) externe et gestionnaire de contenu Brainstorming et\r\nRecherche de th\u00e8mes D\u00e9finition des objectifs et planification des th\u00e8mes<\/li>\r\n \t<li>Choix et mise en relation des canaux<\/li>\r\n \t<li>Conception des contenus et concept \u00e9ditorial R\u00e9daction de textes et<\/li>\r\n \t<li>\u00c9valuation de textes sp\u00e9cialis\u00e9s<\/li>\r\n<\/ul>\t\t\t\t\t\t\t\t<\/div>\n\t\t\t\t<\/div>\n\t\t\t\t\t<\/div>\n\t\t<\/div>\n\t\t\t\t\t<\/div>\n\t\t<\/section>\n\t\t\t\t<section class=\"elementor-section elementor-top-section elementor-element elementor-element-f3c6490 elementor-section-full_width left right elementor-section-height-default elementor-section-height-default\" data-id=\"f3c6490\" data-element_type=\"section\" data-e-type=\"section\">\n\t\t\t\t\t\t<div class=\"elementor-container elementor-column-gap-default\">\n\t\t\t\t\t<div class=\"elementor-column elementor-col-100 elementor-top-column elementor-element elementor-element-cc55af9\" data-id=\"cc55af9\" data-element_type=\"column\" data-e-type=\"column\">\n\t\t\t<div class=\"elementor-widget-wrap elementor-element-populated\">\n\t\t\t\t\t\t<div class=\"elementor-element elementor-element-1f47ca4 elementor-widget elementor-widget-ee-breadcrumbs\" data-id=\"1f47ca4\" data-element_type=\"widget\" data-e-type=\"widget\" data-widget_type=\"ee-breadcrumbs.default\">\n\t\t\t\t<div class=\"elementor-widget-container\">\n\t\t\t\t\t<ul class=\"ee-breadcrumbs\" itemscope=\"\" itemtype=\"http:\/\/schema.org\/BreadcrumbList\"><\/ul>\t\t\t\t<\/div>\n\t\t\t\t<\/div>\n\t\t\t\t\t<\/div>\n\t\t<\/div>\n\t\t\t\t\t<\/div>\n\t\t<\/section>\n\t\t\t\t<section class=\"elementor-section elementor-top-section elementor-element elementor-element-3e85c39 elementor-section-stretched elementor-section-full_width linkcolororange elementor-section-height-default elementor-section-height-default\" data-id=\"3e85c39\" data-element_type=\"section\" data-e-type=\"section\" data-settings=\"{&quot;stretch_section&quot;:&quot;section-stretched&quot;,&quot;background_background&quot;:&quot;classic&quot;}\">\n\t\t\t\t\t\t<div class=\"elementor-container elementor-column-gap-default\">\n\t\t\t\t\t<div class=\"elementor-column elementor-col-100 elementor-top-column elementor-element elementor-element-5392224\" data-id=\"5392224\" data-element_type=\"column\" data-e-type=\"column\">\n\t\t\t<div class=\"elementor-widget-wrap elementor-element-populated\">\n\t\t\t\t\t\t<div class=\"elementor-element elementor-element-b8e4b7a elementor-widget elementor-widget-spacer\" data-id=\"b8e4b7a\" data-element_type=\"widget\" data-e-type=\"widget\" data-widget_type=\"spacer.default\">\n\t\t\t\t<div class=\"elementor-widget-container\">\n\t\t\t\t\t\t\t<div class=\"elementor-spacer\">\n\t\t\t<div class=\"elementor-spacer-inner\"><\/div>\n\t\t<\/div>\n\t\t\t\t\t\t<\/div>\n\t\t\t\t<\/div>\n\t\t\t\t\t<\/div>\n\t\t<\/div>\n\t\t\t\t\t<\/div>\n\t\t<\/section>\n\t\t\t\t<\/div>\n\t\t","protected":false},"excerpt":{"rendered":"<p>Coop\u00e9ration Le cahier des charges d\u00e9finit le r\u00f4le. Les conseillers et conseill\u00e8res d&#8217;open up adoptent diff\u00e9rentes perspectives. Les \u00e9quipes de mandat et de projet sont constitu\u00e9es individuellement selon des crit\u00e8res d\u00e9finis en commun avec les clients. Un comportement proactif et un \u00e9change direct caract\u00e9risent notre m\u00e9thode de travail. Nous \u00e9valuons les t\u00e2ches de mani\u00e8re critique, &#8230; <a title=\"\u1397 Coop\u00e9ration\" class=\"read-more\" href=\"https:\/\/www.open-up.ch\/fr\/cooperation\/\">Lire la suite<span class=\"screen-reader-text\">\u1397 Coop\u00e9ration<\/span><\/a><\/p>\n","protected":false},"author":2,"featured_media":0,"parent":0,"menu_order":0,"comment_status":"closed","ping_status":"closed","template":"elementor_header_footer","meta":{"_acf_changed":false,"inline_featured_image":false,"footnotes":""},"class_list":["post-29161","page","type-page","status-publish"],"acf":[],"yoast_head":"<!-- This site is optimized with the Yoast SEO plugin v27.4 - https:\/\/yoast.com\/product\/yoast-seo-wordpress\/ -->\n<title>Collaboration avec le client | open up<\/title>\n<meta name=\"description\" content=\"Nos conseillers et conseill\u00e8res adoptent diff\u00e9rentes perspectives. En collaboration avec le client, des \u00e9quipes de mandat et de projet sont constitu\u00e9es individuellement.\" \/>\n<meta name=\"robots\" content=\"index, follow, max-snippet:-1, max-image-preview:large, max-video-preview:-1\" \/>\n<link rel=\"canonical\" href=\"https:\/\/www.open-up.ch\/fr\/cooperation\/\" \/>\n<meta property=\"og:locale\" content=\"fr_FR\" \/>\n<meta property=\"og:type\" content=\"article\" \/>\n<meta property=\"og:title\" content=\"Collaboration avec le client | open up\" \/>\n<meta property=\"og:description\" content=\"Nos conseillers et conseill\u00e8res adoptent diff\u00e9rentes perspectives. En collaboration avec le client, des \u00e9quipes de mandat et de projet sont constitu\u00e9es individuellement.\" \/>\n<meta property=\"og:url\" content=\"https:\/\/www.open-up.ch\/fr\/cooperation\/\" \/>\n<meta property=\"og:site_name\" content=\"open up\" \/>\n<meta property=\"article:modified_time\" content=\"2023-04-05T13:12:42+00:00\" \/>\n<meta name=\"twitter:card\" content=\"summary_large_image\" \/>\n<meta name=\"twitter:label1\" content=\"Dur\u00e9e de lecture estim\u00e9e\" \/>\n\t<meta name=\"twitter:data1\" content=\"2 minutes\" \/>\n<!-- \/ Yoast SEO plugin. -->","yoast_head_json":{"title":"Collaboration avec le client | open up","description":"Nos conseillers et conseill\u00e8res adoptent diff\u00e9rentes perspectives. En collaboration avec le client, des \u00e9quipes de mandat et de projet sont constitu\u00e9es individuellement.","robots":{"index":"index","follow":"follow","max-snippet":"max-snippet:-1","max-image-preview":"max-image-preview:large","max-video-preview":"max-video-preview:-1"},"canonical":"https:\/\/www.open-up.ch\/fr\/cooperation\/","og_locale":"fr_FR","og_type":"article","og_title":"Collaboration avec le client | open up","og_description":"Nos conseillers et conseill\u00e8res adoptent diff\u00e9rentes perspectives. En collaboration avec le client, des \u00e9quipes de mandat et de projet sont constitu\u00e9es individuellement.","og_url":"https:\/\/www.open-up.ch\/fr\/cooperation\/","og_site_name":"open up","article_modified_time":"2023-04-05T13:12:42+00:00","twitter_card":"summary_large_image","twitter_misc":{"Dur\u00e9e de lecture estim\u00e9e":"2 minutes"},"schema":{"@context":"https:\/\/schema.org","@graph":[{"@type":"WebPage","@id":"https:\/\/www.open-up.ch\/fr\/cooperation\/","url":"https:\/\/www.open-up.ch\/fr\/cooperation\/","name":"Collaboration avec le client | open up","isPartOf":{"@id":"https:\/\/www.open-up.ch\/en\/#website"},"datePublished":"2019-07-18T10:19:57+00:00","dateModified":"2023-04-05T13:12:42+00:00","description":"Nos conseillers et conseill\u00e8res adoptent diff\u00e9rentes perspectives. En collaboration avec le client, des \u00e9quipes de mandat et de projet sont constitu\u00e9es individuellement.","breadcrumb":{"@id":"https:\/\/www.open-up.ch\/fr\/cooperation\/#breadcrumb"},"inLanguage":"fr-FR","potentialAction":[{"@type":"ReadAction","target":["https:\/\/www.open-up.ch\/fr\/cooperation\/"]}]},{"@type":"BreadcrumbList","@id":"https:\/\/www.open-up.ch\/fr\/cooperation\/#breadcrumb","itemListElement":[{"@type":"ListItem","position":1,"name":"Home","item":"https:\/\/www.open-up.ch\/fr\/"},{"@type":"ListItem","position":2,"name":"\u1397 Coop\u00e9ration"}]},{"@type":"WebSite","@id":"https:\/\/www.open-up.ch\/en\/#website","url":"https:\/\/www.open-up.ch\/en\/","name":"open up","description":"","potentialAction":[{"@type":"SearchAction","target":{"@type":"EntryPoint","urlTemplate":"https:\/\/www.open-up.ch\/en\/?s={search_term_string}"},"query-input":{"@type":"PropertyValueSpecification","valueRequired":true,"valueName":"search_term_string"}}],"inLanguage":"fr-FR"}]}},"_links":{"self":[{"href":"https:\/\/www.open-up.ch\/fr\/wp-json\/wp\/v2\/pages\/29161","targetHints":{"allow":["GET"]}}],"collection":[{"href":"https:\/\/www.open-up.ch\/fr\/wp-json\/wp\/v2\/pages"}],"about":[{"href":"https:\/\/www.open-up.ch\/fr\/wp-json\/wp\/v2\/types\/page"}],"author":[{"embeddable":true,"href":"https:\/\/www.open-up.ch\/fr\/wp-json\/wp\/v2\/users\/2"}],"replies":[{"embeddable":true,"href":"https:\/\/www.open-up.ch\/fr\/wp-json\/wp\/v2\/comments?post=29161"}],"version-history":[{"count":10,"href":"https:\/\/www.open-up.ch\/fr\/wp-json\/wp\/v2\/pages\/29161\/revisions"}],"predecessor-version":[{"id":30509,"href":"https:\/\/www.open-up.ch\/fr\/wp-json\/wp\/v2\/pages\/29161\/revisions\/30509"}],"wp:attachment":[{"href":"https:\/\/www.open-up.ch\/fr\/wp-json\/wp\/v2\/media?parent=29161"}],"curies":[{"name":"wp","href":"https:\/\/api.w.org\/{rel}","templated":true}]}}